{"id":323302,"date":"2024-04-27T13:17:02","date_gmt":"2024-04-27T11:17:02","guid":{"rendered":"https:\/\/www.pomoline.com\/web-pruebas\/producto\/pata-cuadrada-aluminio-mate-pies-mesa-mueble-cocina-oferta-outlet\/"},"modified":"2025-03-13T22:43:44","modified_gmt":"2025-03-13T21:43:44","slug":"quadratisches-bein-aluminium-matt-fusse-c-mobel-kuche-angebot-outlet","status":"publish","type":"product","link":"https:\/\/www.pomoline.com\/de\/produkt\/quadratisches-bein-aluminium-matt-fusse-c-mobel-kuche-angebot-outlet\/","title":{"rendered":"QUADRATISCHES BEIN ALUMINIUM MATT | F\u00dcSSE C M\u00d6BEL K\u00dcCHE ANGEBOT OUTLET"},"content":{"rendered":"<p>Oulet von M\u00f6belgriffen, M\u00f6belkn\u00f6pfen, Wandh\u00e4ngern, T\u00fcrh\u00e4ngerhaken, T\u00fcrentoppern, M\u00f6belf\u00fc\u00dfen und Tischbeinen. Angebote und Rabatte zu niedrigen Preisen das ganze Jahr \u00fcber. Dieses besondere Modell ist MOD 5002-Out quadratisches Bein alumini<\/p>\n","protected":false},"excerpt":{"rendered":"<p>Oulet von M\u00f6belgriffen, M\u00f6belkn\u00f6pfen, Wandh\u00e4ngern, T\u00fcrh\u00e4ngerhaken, T\u00fcrentoppern, M\u00f6belf\u00fc\u00dfen und Tischbeinen. Angebote und Rabatte zu niedrigen Preisen das ganze Jahr \u00fcber. Dieses besondere Modell ist MOD 5002-Out quadratisches Bein alumini<\/p>\n","protected":false},"featured_media":409009,"template":"","meta":{"_joinchat":[]},"product_brand":[],"product_cat":[5358,5355,1017],"product_tag":[],"class_list":{"0":"post-323302","1":"product","2":"type-product","3":"status-publish","4":"has-post-thumbnail","6":"product_cat-ofertas-de","7":"product_cat-ofertas","8":"product_cat-mobelbeine-stahl-holz-kunststoff-stahl-fusse-regulierschrauben-tisch","9":"pa_color-mate-aluminium-schrank-knauf-griffe-wandaufhanger-turhaken-mobel-beine","10":"pa_color-aluminium-poliert-schrank-griffe-griffe-wandaufhanger-turhaken-mobelbeine","11":"pa_tendencia-mobelbeine-fur-kuchenschrank","13":"first","14":"instock","15":"sale","16":"taxable","17":"shipping-taxable","18":"purchasable","19":"product-type-variable","20":"has-default-attributes","21":"wvs-archive-product-wrapper"},"_links":{"self":[{"href":"https:\/\/www.pomoline.com\/de\/wp-json\/wp\/v2\/product\/323302","targetHints":{"allow":["GET"]}}],"collection":[{"href":"https:\/\/www.pomoline.com\/de\/wp-json\/wp\/v2\/product"}],"about":[{"href":"https:\/\/www.pomoline.com\/de\/wp-json\/wp\/v2\/types\/product"}],"wp:featuredmedia":[{"embeddable":true,"href":"https:\/\/www.pomoline.com\/de\/wp-json\/wp\/v2\/media\/409009"}],"wp:attachment":[{"href":"https:\/\/www.pomoline.com\/de\/wp-json\/wp\/v2\/media?parent=323302"}],"wp:term":[{"taxonomy":"product_brand","embeddable":true,"href":"https:\/\/www.pomoline.com\/de\/wp-json\/wp\/v2\/product_brand?post=323302"},{"taxonomy":"product_cat","embeddable":true,"href":"https:\/\/www.pomoline.com\/de\/wp-json\/wp\/v2\/product_cat?post=323302"},{"taxonomy":"product_tag","embeddable":true,"href":"https:\/\/www.pomoline.com\/de\/wp-json\/wp\/v2\/product_tag?post=323302"}],"curies":[{"name":"wp","href":"https:\/\/api.w.org\/{rel}","templated":true}]}}