{"id":323306,"date":"2024-04-27T13:17:08","date_gmt":"2024-04-27T11:17:08","guid":{"rendered":"https:\/\/www.pomoline.com\/web-pruebas\/producto\/pata-cuadrada-aluminio-brillo-con-regulador-para-mueble\/"},"modified":"2025-03-13T22:43:26","modified_gmt":"2025-03-13T21:43:26","slug":"quadratisches-bein-aluminium-glanzend-mit-regulierschrauben-fur-mobel","status":"publish","type":"product","link":"https:\/\/www.pomoline.com\/de\/produkt\/quadratisches-bein-aluminium-glanzend-mit-regulierschrauben-fur-mobel\/","title":{"rendered":"QUADRATISCHES BEIN ALUMINIUM GL\u00c4NZEND | MIT REGULIERSCHRAUBEN F\u00dcR M\u00d6BEL"},"content":{"rendered":"<p>40x40mm M\u00f6belbeine aus Metall in verschiedenen H\u00f6hen. Sie sind sehr modern und k\u00f6nnen in K\u00fcchenm\u00f6bel oder jedes M\u00f6belst\u00fcck eingebaut werden. Es verleiht Ihren M\u00f6beln einen modernen Stil, hergestellt aus einem sehr widerstandsf\u00e4higen und langlebigen Materi<\/p>\n","protected":false},"excerpt":{"rendered":"<p>40x40mm M\u00f6belbeine aus Metall in verschiedenen H\u00f6hen. Sie sind sehr modern und k\u00f6nnen in K\u00fcchenm\u00f6bel oder jedes M\u00f6belst\u00fcck eingebaut werden. Es verleiht Ihren M\u00f6beln einen modernen Stil, hergestellt aus einem sehr widerstandsf\u00e4higen und langlebigen Materi<\/p>\n","protected":false},"featured_media":409005,"template":"","meta":{"_joinchat":[]},"product_brand":[],"product_cat":[1017],"product_tag":[],"class_list":{"0":"post-323306","1":"product","2":"type-product","3":"status-publish","4":"has-post-thumbnail","6":"product_cat-mobelbeine-stahl-holz-kunststoff-stahl-fusse-regulierschrauben-tisch","7":"pa_color-rostfreier-stahl-griffe-griffe-wandaufhanger-turhaken-mobelbeine","8":"pa_color-mate-aluminium-schrank-knauf-griffe-wandaufhanger-turhaken-mobel-beine","9":"pa_color-aluminium-poliert-schrank-griffe-griffe-wandaufhanger-turhaken-mobelbeine","10":"pa_tendencia-mobelbeine-fur-kuchenschrank","12":"first","13":"instock","14":"taxable","15":"shipping-taxable","16":"purchasable","17":"product-type-variable","18":"has-default-attributes","19":"wvs-archive-product-wrapper"},"_links":{"self":[{"href":"https:\/\/www.pomoline.com\/de\/wp-json\/wp\/v2\/product\/323306","targetHints":{"allow":["GET"]}}],"collection":[{"href":"https:\/\/www.pomoline.com\/de\/wp-json\/wp\/v2\/product"}],"about":[{"href":"https:\/\/www.pomoline.com\/de\/wp-json\/wp\/v2\/types\/product"}],"wp:featuredmedia":[{"embeddable":true,"href":"https:\/\/www.pomoline.com\/de\/wp-json\/wp\/v2\/media\/409005"}],"wp:attachment":[{"href":"https:\/\/www.pomoline.com\/de\/wp-json\/wp\/v2\/media?parent=323306"}],"wp:term":[{"taxonomy":"product_brand","embeddable":true,"href":"https:\/\/www.pomoline.com\/de\/wp-json\/wp\/v2\/product_brand?post=323306"},{"taxonomy":"product_cat","embeddable":true,"href":"https:\/\/www.pomoline.com\/de\/wp-json\/wp\/v2\/product_cat?post=323306"},{"taxonomy":"product_tag","embeddable":true,"href":"https:\/\/www.pomoline.com\/de\/wp-json\/wp\/v2\/product_tag?post=323306"}],"curies":[{"name":"wp","href":"https:\/\/api.w.org\/{rel}","templated":true}]}}