{"id":323326,"date":"2024-04-27T13:17:29","date_gmt":"2024-04-27T11:17:29","guid":{"rendered":"https:\/\/www.pomoline.com\/web-pruebas\/producto\/tope-de-puerta-madera-haya-natural-verde-con-adhesivo-45x42x16mm\/"},"modified":"2025-03-13T22:42:36","modified_gmt":"2025-03-13T21:42:36","slug":"turstopper-holz-buche-natur-grun-mit-klebend-45x42x16mm","status":"publish","type":"product","link":"https:\/\/www.pomoline.com\/de\/produkt\/turstopper-holz-buche-natur-grun-mit-klebend-45x42x16mm\/","title":{"rendered":"T\u00dcRSTOPPER HOLZ BUCHE NATUR GR\u00dcN MIT KLEBEND 45x42x16MM"},"content":{"rendered":"<p>T\u00fcrentopper aus zertifiziertem Naturholz aus kontrollierten und nachhaltigen Plantagen. Der Parkettkleber ist sehr Bodenhaftung. Dieses besondere Modell ist MOD 497 T\u00fcrentopper Holz Buche naturgem\u00e4\u00df gr\u00fcn mit Klebstoff 45x42x16mm<\/p>\n","protected":false},"excerpt":{"rendered":"<p>T\u00fcrentopper aus zertifiziertem Naturholz aus kontrollierten und nachhaltigen Plantagen. Der Parkettkleber ist sehr Bodenhaftung. Dieses besondere Modell ist MOD 497 T\u00fcrentopper Holz Buche naturgem\u00e4\u00df gr\u00fcn mit Klebstoff 45x42x16mm<\/p>\n","protected":false},"featured_media":408993,"template":"","meta":{"_joinchat":[]},"product_brand":[],"product_cat":[1025],"product_tag":[],"class_list":{"0":"post-323326","1":"product","2":"type-product","3":"status-publish","4":"has-post-thumbnail","6":"product_cat-turstopper-metall-beizen-holz-selbstklebend-edelstahl-fur-tur","7":"pa_color-natur-buche-schrank-knauf-griffe-wandaufhanger-turhaken-mobel-beine","8":"pa_color-alter-kirschbaum-schrank-knauf-griffe-wandaufhanger-turhaken-mobelbeine","9":"pa_color-eiche-schrank-knauf-griffe-wandaufhanger-turhaken-mobel-beine","10":"pa_tendencia-turstopper-fur-boden","12":"first","13":"instock","14":"taxable","15":"shipping-taxable","16":"purchasable","17":"product-type-variable","18":"has-default-attributes","19":"wvs-archive-product-wrapper"},"_links":{"self":[{"href":"https:\/\/www.pomoline.com\/de\/wp-json\/wp\/v2\/product\/323326","targetHints":{"allow":["GET"]}}],"collection":[{"href":"https:\/\/www.pomoline.com\/de\/wp-json\/wp\/v2\/product"}],"about":[{"href":"https:\/\/www.pomoline.com\/de\/wp-json\/wp\/v2\/types\/product"}],"wp:featuredmedia":[{"embeddable":true,"href":"https:\/\/www.pomoline.com\/de\/wp-json\/wp\/v2\/media\/408993"}],"wp:attachment":[{"href":"https:\/\/www.pomoline.com\/de\/wp-json\/wp\/v2\/media?parent=323326"}],"wp:term":[{"taxonomy":"product_brand","embeddable":true,"href":"https:\/\/www.pomoline.com\/de\/wp-json\/wp\/v2\/product_brand?post=323326"},{"taxonomy":"product_cat","embeddable":true,"href":"https:\/\/www.pomoline.com\/de\/wp-json\/wp\/v2\/product_cat?post=323326"},{"taxonomy":"product_tag","embeddable":true,"href":"https:\/\/www.pomoline.com\/de\/wp-json\/wp\/v2\/product_tag?post=323326"}],"curies":[{"name":"wp","href":"https:\/\/api.w.org\/{rel}","templated":true}]}}