{"id":323358,"date":"2024-04-27T13:17:52","date_gmt":"2024-04-27T11:17:52","guid":{"rendered":"https:\/\/www.pomoline.com\/web-pruebas\/producto\/tope-de-puerta-madera-haya-natural-verde-con-adhesivo-37x31mm\/"},"modified":"2025-03-13T22:41:10","modified_gmt":"2025-03-13T21:41:10","slug":"turstopper-holz-buche-natur-grun-mit-klebend-37x31mm","status":"publish","type":"product","link":"https:\/\/www.pomoline.com\/de\/produkt\/turstopper-holz-buche-natur-grun-mit-klebend-37x31mm\/","title":{"rendered":"T\u00dcRSTOPPER HOLZ BUCHE NATUR GR\u00dcN MIT KLEBEND 37x31MM"},"content":{"rendered":"<p>T\u00fcrentopper aus zertifiziertem Naturholz aus kontrollierten und nachhaltigen Plantagen. Der Parkettkleber ist sehr Bodenhaftung. Dieses besondere Modell ist MOD 495 T\u00fcrentopper Holz Buche naturgem\u00e4\u00df gr\u00fcn mit Klebstoff 37x31mm<\/p>\n","protected":false},"excerpt":{"rendered":"<p>T\u00fcrentopper aus zertifiziertem Naturholz aus kontrollierten und nachhaltigen Plantagen. Der Parkettkleber ist sehr Bodenhaftung. Dieses besondere Modell ist MOD 495 T\u00fcrentopper Holz Buche naturgem\u00e4\u00df gr\u00fcn mit Klebstoff 37x31mm<\/p>\n","protected":false},"featured_media":408977,"template":"","meta":{"_joinchat":[]},"product_brand":[],"product_cat":[1025],"product_tag":[],"class_list":{"0":"post-323358","1":"product","2":"type-product","3":"status-publish","4":"has-post-thumbnail","6":"product_cat-turstopper-metall-beizen-holz-selbstklebend-edelstahl-fur-tur","7":"pa_color-natur-buche-schrank-knauf-griffe-wandaufhanger-turhaken-mobel-beine","8":"pa_color-alter-kirschbaum-schrank-knauf-griffe-wandaufhanger-turhaken-mobelbeine","9":"pa_color-eiche-schrank-knauf-griffe-wandaufhanger-turhaken-mobel-beine","10":"pa_color-buche-honig-schrank-knopfe-griffe-wandhanger-turhaken-mobelbeine","11":"pa_tendencia-turstopper-fur-boden","13":"first","14":"instock","15":"taxable","16":"shipping-taxable","17":"purchasable","18":"product-type-variable","19":"has-default-attributes","20":"wvs-archive-product-wrapper"},"_links":{"self":[{"href":"https:\/\/www.pomoline.com\/de\/wp-json\/wp\/v2\/product\/323358","targetHints":{"allow":["GET"]}}],"collection":[{"href":"https:\/\/www.pomoline.com\/de\/wp-json\/wp\/v2\/product"}],"about":[{"href":"https:\/\/www.pomoline.com\/de\/wp-json\/wp\/v2\/types\/product"}],"wp:featuredmedia":[{"embeddable":true,"href":"https:\/\/www.pomoline.com\/de\/wp-json\/wp\/v2\/media\/408977"}],"wp:attachment":[{"href":"https:\/\/www.pomoline.com\/de\/wp-json\/wp\/v2\/media?parent=323358"}],"wp:term":[{"taxonomy":"product_brand","embeddable":true,"href":"https:\/\/www.pomoline.com\/de\/wp-json\/wp\/v2\/product_brand?post=323358"},{"taxonomy":"product_cat","embeddable":true,"href":"https:\/\/www.pomoline.com\/de\/wp-json\/wp\/v2\/product_cat?post=323358"},{"taxonomy":"product_tag","embeddable":true,"href":"https:\/\/www.pomoline.com\/de\/wp-json\/wp\/v2\/product_tag?post=323358"}],"curies":[{"name":"wp","href":"https:\/\/api.w.org\/{rel}","templated":true}]}}