{"id":323394,"date":"2024-04-27T13:18:51","date_gmt":"2024-04-27T11:18:51","guid":{"rendered":"https:\/\/www.pomoline.com\/web-pruebas\/producto\/pomo-tirador-madera-laca-blanca-vintage-mueble-retro-vintage\/"},"modified":"2025-03-13T22:38:34","modified_gmt":"2025-03-13T21:38:34","slug":"knopf-mobelknopf-holz-lack-weiss-vintage-mobel-retro-vintage","status":"publish","type":"product","link":"https:\/\/www.pomoline.com\/de\/produkt\/knopf-mobelknopf-holz-lack-weiss-vintage-mobel-retro-vintage\/","title":{"rendered":"KNOPF M\u00d6BELKNOPF HOLZ LACK WEISS VINTAGE M\u00d6BEL RETRO VINTAGE"},"content":{"rendered":"<p>M\u00f6belkn\u00f6pfe und M\u00f6belgriffe im retro, vintage Design mit Siebdruckmotiv aus Blech auf einem Metalll oder Holzknopfsockel. Einmal in der Schublade montiert sind sie sehr sch\u00f6n. Dieses besondere Modell ist MOD 450K M\u00f6belknopf M\u00f6belgriff Holz Lack weiss Uhr<\/p>\n","protected":false},"excerpt":{"rendered":"<p>M\u00f6belkn\u00f6pfe und M\u00f6belgriffe im retro, vintage Design mit Siebdruckmotiv aus Blech auf einem Metalll oder Holzknopfsockel. Einmal in der Schublade montiert sind sie sehr sch\u00f6n. Dieses besondere Modell ist MOD 450K M\u00f6belknopf M\u00f6belgriff Holz Lack weiss Uhr<\/p>\n","protected":false},"featured_media":408940,"template":"","meta":{"_joinchat":[]},"product_brand":[],"product_cat":[1001,5187],"product_tag":[],"class_list":{"0":"post-323394","1":"product","2":"type-product","3":"status-publish","4":"has-post-thumbnail","6":"product_cat-mobelknopfe-griffe-retro-vintage-werbemotive-antik-schilder-zeichen","7":"product_cat-mobelgriffe-und-knopfe-fur-schubladen","8":"pa_color-natur-buche-schrank-knauf-griffe-wandaufhanger-turhaken-mobel-beine","9":"pa_color-weis-schrank-griffe-griffe-wandhaken-turhaken-mobelbeine","10":"pa_color-buche-honig-schrank-knopfe-griffe-wandhanger-turhaken-mobelbeine","11":"pa_color-nussbaum-schrank-knopfe-griffe-wandaufhanger-turhaken-mobelbeine","12":"pa_color-weis-decape-schrankgriffe-griffe-wandhaken-turhaken-mobelbeine","13":"pa_tendencia-vintage-griffe-knopfe-fur-mobel","15":"first","16":"instock","17":"taxable","18":"shipping-taxable","19":"purchasable","20":"product-type-variable","21":"has-default-attributes","22":"wvs-archive-product-wrapper"},"_links":{"self":[{"href":"https:\/\/www.pomoline.com\/de\/wp-json\/wp\/v2\/product\/323394","targetHints":{"allow":["GET"]}}],"collection":[{"href":"https:\/\/www.pomoline.com\/de\/wp-json\/wp\/v2\/product"}],"about":[{"href":"https:\/\/www.pomoline.com\/de\/wp-json\/wp\/v2\/types\/product"}],"wp:featuredmedia":[{"embeddable":true,"href":"https:\/\/www.pomoline.com\/de\/wp-json\/wp\/v2\/media\/408940"}],"wp:attachment":[{"href":"https:\/\/www.pomoline.com\/de\/wp-json\/wp\/v2\/media?parent=323394"}],"wp:term":[{"taxonomy":"product_brand","embeddable":true,"href":"https:\/\/www.pomoline.com\/de\/wp-json\/wp\/v2\/product_brand?post=323394"},{"taxonomy":"product_cat","embeddable":true,"href":"https:\/\/www.pomoline.com\/de\/wp-json\/wp\/v2\/product_cat?post=323394"},{"taxonomy":"product_tag","embeddable":true,"href":"https:\/\/www.pomoline.com\/de\/wp-json\/wp\/v2\/product_tag?post=323394"}],"curies":[{"name":"wp","href":"https:\/\/api.w.org\/{rel}","templated":true}]}}