{"id":323418,"date":"2024-04-27T13:19:26","date_gmt":"2024-04-27T11:19:26","guid":{"rendered":"https:\/\/www.pomoline.com\/web-pruebas\/producto\/pomo-madera-laca-blanca-motor-tiradores-diseno-mueble-vintage\/"},"modified":"2025-03-13T22:36:43","modified_gmt":"2025-03-13T21:36:43","slug":"knopf-holz-lack-weiss-motor-mobelknopfe-design-mobel-vintage","status":"publish","type":"product","link":"https:\/\/www.pomoline.com\/de\/produkt\/knopf-holz-lack-weiss-motor-mobelknopfe-design-mobel-vintage\/","title":{"rendered":"KNOPF HOLZ LACK WEISS MOTOR | M\u00d6BELKN\u00d6PFE DESIGN M\u00d6BEL VINTAGE"},"content":{"rendered":"<p>M\u00f6belkn\u00f6pfe und M\u00f6belgriffe im retro, vintage Design mit Siebdruckmotiv aus Blech auf einem Metalll oder Holzknopfsockel. Einmal in der Schublade montiert sind sie sehr sch\u00f6n. Dieses besondere Modell ist MOD 450D M\u00f6belknopf Holz Lack weiss big valvle |<\/p>\n","protected":false},"excerpt":{"rendered":"<p>M\u00f6belkn\u00f6pfe und M\u00f6belgriffe im retro, vintage Design mit Siebdruckmotiv aus Blech auf einem Metalll oder Holzknopfsockel. Einmal in der Schublade montiert sind sie sehr sch\u00f6n. Dieses besondere Modell ist MOD 450D M\u00f6belknopf Holz Lack weiss big valvle |<\/p>\n","protected":false},"featured_media":408916,"template":"","meta":{"_joinchat":[]},"product_brand":[],"product_cat":[1001,5187],"product_tag":[],"class_list":{"0":"post-323418","1":"product","2":"type-product","3":"status-publish","4":"has-post-thumbnail","6":"product_cat-mobelknopfe-griffe-retro-vintage-werbemotive-antik-schilder-zeichen","7":"product_cat-mobelgriffe-und-knopfe-fur-schubladen","8":"pa_color-natur-buche-schrank-knauf-griffe-wandaufhanger-turhaken-mobel-beine","9":"pa_color-weis-schrank-griffe-griffe-wandhaken-turhaken-mobelbeine","10":"pa_color-buche-honig-schrank-knopfe-griffe-wandhanger-turhaken-mobelbeine","11":"pa_color-nussbaum-schrank-knopfe-griffe-wandaufhanger-turhaken-mobelbeine","12":"pa_color-weis-decape-schrankgriffe-griffe-wandhaken-turhaken-mobelbeine","13":"pa_tendencia-retro-mobel-griffe-knopfe","15":"first","16":"instock","17":"taxable","18":"shipping-taxable","19":"purchasable","20":"product-type-variable","21":"has-default-attributes","22":"wvs-archive-product-wrapper"},"_links":{"self":[{"href":"https:\/\/www.pomoline.com\/de\/wp-json\/wp\/v2\/product\/323418","targetHints":{"allow":["GET"]}}],"collection":[{"href":"https:\/\/www.pomoline.com\/de\/wp-json\/wp\/v2\/product"}],"about":[{"href":"https:\/\/www.pomoline.com\/de\/wp-json\/wp\/v2\/types\/product"}],"wp:featuredmedia":[{"embeddable":true,"href":"https:\/\/www.pomoline.com\/de\/wp-json\/wp\/v2\/media\/408916"}],"wp:attachment":[{"href":"https:\/\/www.pomoline.com\/de\/wp-json\/wp\/v2\/media?parent=323418"}],"wp:term":[{"taxonomy":"product_brand","embeddable":true,"href":"https:\/\/www.pomoline.com\/de\/wp-json\/wp\/v2\/product_brand?post=323418"},{"taxonomy":"product_cat","embeddable":true,"href":"https:\/\/www.pomoline.com\/de\/wp-json\/wp\/v2\/product_cat?post=323418"},{"taxonomy":"product_tag","embeddable":true,"href":"https:\/\/www.pomoline.com\/de\/wp-json\/wp\/v2\/product_tag?post=323418"}],"curies":[{"name":"wp","href":"https:\/\/api.w.org\/{rel}","templated":true}]}}