{"id":323442,"date":"2024-04-27T13:20:03","date_gmt":"2024-04-27T11:20:03","guid":{"rendered":"https:\/\/www.pomoline.com\/web-pruebas\/producto\/pomo-tirador-bola-colores-madera-lacada\/"},"modified":"2025-03-13T22:34:52","modified_gmt":"2025-03-13T21:34:52","slug":"knopf-mobelknopf-kugel-farben-holz-lackiert","status":"publish","type":"product","link":"https:\/\/www.pomoline.com\/de\/produkt\/knopf-mobelknopf-kugel-farben-holz-lackiert\/","title":{"rendered":"KNOPF M\u00d6BELKNOPF KUGEL FARBEN HOLZ LACKIERT"},"content":{"rendered":"<p>Gro\u00dfe lackierte Holzkn\u00f6pfe f\u00fcr Babyzimmer und Kinderm\u00f6bel. M\u00f6belknopf aus Naturholz verleihen den Schubladen und T\u00fcren eine sch\u00f6ne Optik. Das Holz ist zertifiziert und stammt aus kontrollierten und nachhaltigen Plantagen. Dieses besondere Modell ist MOD 4<\/p>\n","protected":false},"excerpt":{"rendered":"<p>Gro\u00dfe lackierte Holzkn\u00f6pfe f\u00fcr Babyzimmer und Kinderm\u00f6bel. M\u00f6belknopf aus Naturholz verleihen den Schubladen und T\u00fcren eine sch\u00f6ne Optik. Das Holz ist zertifiziert und stammt aus kontrollierten und nachhaltigen Plantagen. Dieses besondere Modell ist MOD 4<\/p>\n","protected":false},"featured_media":408892,"template":"","meta":{"_joinchat":[]},"product_brand":[],"product_cat":[993],"product_tag":[],"class_list":{"0":"post-323442","1":"product","2":"type-product","3":"status-publish","4":"has-post-thumbnail","6":"product_cat-knopfe-kindermobel-baby-schubladen","7":"pa_color-braun-schrank-griffe-griffe-wandaufhanger-turhaken-mobel-beine","8":"pa_color-magenta-schrank-knauf-griffe-wandaufhanger-turhaken-mobel-beine","9":"pa_color-orange-schrank-griffe-griffe-wandaufhanger-turhaken-mobel-beine","10":"pa_color-pistazie-grun-schrankknopfe-griffe-wandhaken-turhaken-mobelbeine","11":"pa_tendencia-baby-schrank-griffe-mobel-griffe-fur-kinder-kind","12":"pa_tendencia-pop-schrank-griffe-und-knopfe","14":"first","15":"instock","16":"taxable","17":"shipping-taxable","18":"purchasable","19":"product-type-variable","20":"has-default-attributes","21":"wvs-archive-product-wrapper"},"_links":{"self":[{"href":"https:\/\/www.pomoline.com\/de\/wp-json\/wp\/v2\/product\/323442","targetHints":{"allow":["GET"]}}],"collection":[{"href":"https:\/\/www.pomoline.com\/de\/wp-json\/wp\/v2\/product"}],"about":[{"href":"https:\/\/www.pomoline.com\/de\/wp-json\/wp\/v2\/types\/product"}],"wp:featuredmedia":[{"embeddable":true,"href":"https:\/\/www.pomoline.com\/de\/wp-json\/wp\/v2\/media\/408892"}],"wp:attachment":[{"href":"https:\/\/www.pomoline.com\/de\/wp-json\/wp\/v2\/media?parent=323442"}],"wp:term":[{"taxonomy":"product_brand","embeddable":true,"href":"https:\/\/www.pomoline.com\/de\/wp-json\/wp\/v2\/product_brand?post=323442"},{"taxonomy":"product_cat","embeddable":true,"href":"https:\/\/www.pomoline.com\/de\/wp-json\/wp\/v2\/product_cat?post=323442"},{"taxonomy":"product_tag","embeddable":true,"href":"https:\/\/www.pomoline.com\/de\/wp-json\/wp\/v2\/product_tag?post=323442"}],"curies":[{"name":"wp","href":"https:\/\/api.w.org\/{rel}","templated":true}]}}