{"id":323450,"date":"2024-04-27T13:20:18","date_gmt":"2024-04-27T11:20:18","guid":{"rendered":"https:\/\/www.pomoline.com\/web-pruebas\/producto\/pomo-tirador-cuadrado-mueble-bebe-infantil-madera-lista-para-pintar\/"},"modified":"2025-03-13T22:34:19","modified_gmt":"2025-03-13T21:34:19","slug":"knopf-mobelknopf-quadratisch-mobel-baby-kindlich-holz-fertig-fur-malen","status":"publish","type":"product","link":"https:\/\/www.pomoline.com\/de\/produkt\/knopf-mobelknopf-quadratisch-mobel-baby-kindlich-holz-fertig-fur-malen\/","title":{"rendered":"KNOPF M\u00d6BELKNOPF QUADRATISCH M\u00d6BEL BABY KINDLICH HOLZ FERTIG F\u00dcR MALEN"},"content":{"rendered":"<p>M\u00f6belkn\u00f6pfe und Griffe aus Holz zum Selberbemalen mit eigenen Farben und Pinseln verleihen Ihren M\u00f6beln die pers\u00f6nliche Note Ihres Zuhauses f\u00fcr die Schubladen und Schr\u00e4nke im Kinderzimmer.Dieses besondere Modell ist MOD 444 FONDO M\u00f6belknopf M\u00f6belgriff<\/p>\n","protected":false},"excerpt":{"rendered":"<p>M\u00f6belkn\u00f6pfe und Griffe aus Holz zum Selberbemalen mit eigenen Farben und Pinseln verleihen Ihren M\u00f6beln die pers\u00f6nliche Note Ihres Zuhauses f\u00fcr die Schubladen und Schr\u00e4nke im Kinderzimmer.Dieses besondere Modell ist MOD 444 FONDO M\u00f6belknopf M\u00f6belgriff<\/p>\n","protected":false},"featured_media":408884,"template":"","meta":{"_joinchat":[]},"product_brand":[],"product_cat":[993],"product_tag":[],"class_list":{"0":"post-323450","1":"product","2":"type-product","3":"status-publish","4":"has-post-thumbnail","6":"product_cat-knopfe-kindermobel-baby-schubladen","7":"pa_color-weis-schrank-griffe-griffe-wandhaken-turhaken-mobelbeine","8":"pa_tendencia-holzknopfe-zum-bemalen","10":"first","11":"instock","12":"taxable","13":"shipping-taxable","14":"purchasable","15":"product-type-variable","16":"has-default-attributes","17":"wvs-archive-product-wrapper"},"_links":{"self":[{"href":"https:\/\/www.pomoline.com\/de\/wp-json\/wp\/v2\/product\/323450","targetHints":{"allow":["GET"]}}],"collection":[{"href":"https:\/\/www.pomoline.com\/de\/wp-json\/wp\/v2\/product"}],"about":[{"href":"https:\/\/www.pomoline.com\/de\/wp-json\/wp\/v2\/types\/product"}],"wp:featuredmedia":[{"embeddable":true,"href":"https:\/\/www.pomoline.com\/de\/wp-json\/wp\/v2\/media\/408884"}],"wp:attachment":[{"href":"https:\/\/www.pomoline.com\/de\/wp-json\/wp\/v2\/media?parent=323450"}],"wp:term":[{"taxonomy":"product_brand","embeddable":true,"href":"https:\/\/www.pomoline.com\/de\/wp-json\/wp\/v2\/product_brand?post=323450"},{"taxonomy":"product_cat","embeddable":true,"href":"https:\/\/www.pomoline.com\/de\/wp-json\/wp\/v2\/product_cat?post=323450"},{"taxonomy":"product_tag","embeddable":true,"href":"https:\/\/www.pomoline.com\/de\/wp-json\/wp\/v2\/product_tag?post=323450"}],"curies":[{"name":"wp","href":"https:\/\/api.w.org\/{rel}","templated":true}]}}