{"id":323454,"date":"2024-04-27T13:20:25","date_gmt":"2024-04-27T11:20:25","guid":{"rendered":"https:\/\/www.pomoline.com\/web-pruebas\/producto\/pomo-tirador-cuadrado-mueble-bebe-infantil-madera-lacada\/"},"modified":"2025-03-13T22:34:03","modified_gmt":"2025-03-13T21:34:03","slug":"knopf-mobelknopf-quadratisch-mobel-baby-kindlich-holz-lackiert","status":"publish","type":"product","link":"https:\/\/www.pomoline.com\/de\/produkt\/knopf-mobelknopf-quadratisch-mobel-baby-kindlich-holz-lackiert\/","title":{"rendered":"KNOPF M\u00d6BELKNOPF QUADRATISCH M\u00d6BEL BABY KINDLICH HOLZ LACKIERT"},"content":{"rendered":"<p>Original lackierter Holzgriff, Sie k\u00f6nnen die Farbe w\u00e4hlen, die am besten zum Schlafzimmer Ihres Babys passt. Um es zu platzieren, enth\u00e4lt es eine Schraube, sodass Sie die alten Kn\u00f6pfe Ihrer Kommode durch neue ersetzen k\u00f6nnen, und es scheint, als h\u00e4tten S<\/p>\n","protected":false},"excerpt":{"rendered":"<p>Original lackierter Holzgriff, Sie k\u00f6nnen die Farbe w\u00e4hlen, die am besten zum Schlafzimmer Ihres Babys passt. Um es zu platzieren, enth\u00e4lt es eine Schraube, sodass Sie die alten Kn\u00f6pfe Ihrer Kommode durch neue ersetzen k\u00f6nnen, und es scheint, als h\u00e4tten S<\/p>\n","protected":false},"featured_media":408880,"template":"","meta":{"_joinchat":[]},"product_brand":[],"product_cat":[993],"product_tag":[],"class_list":{"0":"post-323454","1":"product","2":"type-product","3":"status-publish","4":"has-post-thumbnail","6":"product_cat-knopfe-kindermobel-baby-schubladen","7":"pa_color-weis-schrank-griffe-griffe-wandhaken-turhaken-mobelbeine","8":"pa_color-grau-schrank-knauf-griffe-wandaufhanger-turhaken-mobel-beine","9":"pa_color-hellblau-schrankgriffe-griffe-wandaufhanger-turhaken-mobelbeine","10":"pa_color-pink-schrank-knauf-griffe-wandaufhanger-turhaken-mobel-beine","11":"pa_color-sand-schrank-griffe-griffe-wandhaken-turhaken-mobel-beine","12":"pa_tendencia-baby-schrank-griffe-mobel-griffe-fur-kinder-kind","14":"first","15":"instock","16":"taxable","17":"shipping-taxable","18":"purchasable","19":"product-type-variable","20":"has-default-attributes","21":"wvs-archive-product-wrapper"},"_links":{"self":[{"href":"https:\/\/www.pomoline.com\/de\/wp-json\/wp\/v2\/product\/323454","targetHints":{"allow":["GET"]}}],"collection":[{"href":"https:\/\/www.pomoline.com\/de\/wp-json\/wp\/v2\/product"}],"about":[{"href":"https:\/\/www.pomoline.com\/de\/wp-json\/wp\/v2\/types\/product"}],"wp:featuredmedia":[{"embeddable":true,"href":"https:\/\/www.pomoline.com\/de\/wp-json\/wp\/v2\/media\/408880"}],"wp:attachment":[{"href":"https:\/\/www.pomoline.com\/de\/wp-json\/wp\/v2\/media?parent=323454"}],"wp:term":[{"taxonomy":"product_brand","embeddable":true,"href":"https:\/\/www.pomoline.com\/de\/wp-json\/wp\/v2\/product_brand?post=323454"},{"taxonomy":"product_cat","embeddable":true,"href":"https:\/\/www.pomoline.com\/de\/wp-json\/wp\/v2\/product_cat?post=323454"},{"taxonomy":"product_tag","embeddable":true,"href":"https:\/\/www.pomoline.com\/de\/wp-json\/wp\/v2\/product_tag?post=323454"}],"curies":[{"name":"wp","href":"https:\/\/api.w.org\/{rel}","templated":true}]}}