{"id":323458,"date":"2024-04-27T13:20:29","date_gmt":"2024-04-27T11:20:29","guid":{"rendered":"https:\/\/www.pomoline.com\/web-pruebas\/producto\/pomo-tirador-redondo-mueble-bebe-infantil-madera-lacada\/"},"modified":"2025-03-13T22:33:45","modified_gmt":"2025-03-13T21:33:45","slug":"knopf-mobelknopf-rund-mobel-baby-kindlich-holz-lackiert","status":"publish","type":"product","link":"https:\/\/www.pomoline.com\/de\/produkt\/knopf-mobelknopf-rund-mobel-baby-kindlich-holz-lackiert\/","title":{"rendered":"KNOPF M\u00d6BELKNOPF RUND M\u00d6BEL BABY KINDLICH HOLZ LACKIERT"},"content":{"rendered":"<p>mposanter lackierter Holzgriff mit 8 cm Durchmesser in verschiedenen Farben, perfekt f\u00fcr ein Kinder- oder Babyzimmer. Es ist sehr einfach zu montieren, da es nur eine Schraube hat, und es ver\u00e4ndert das Aussehen Ihrer M\u00f6bel v\u00f6llig, w\u00e4hlen Sie Rosa, Hellbla<\/p>\n","protected":false},"excerpt":{"rendered":"<p>mposanter lackierter Holzgriff mit 8 cm Durchmesser in verschiedenen Farben, perfekt f\u00fcr ein Kinder- oder Babyzimmer. Es ist sehr einfach zu montieren, da es nur eine Schraube hat, und es ver\u00e4ndert das Aussehen Ihrer M\u00f6bel v\u00f6llig, w\u00e4hlen Sie Rosa, Hellbla<\/p>\n","protected":false},"featured_media":408876,"template":"","meta":{"_joinchat":[]},"product_brand":[],"product_cat":[993],"product_tag":[],"class_list":{"0":"post-323458","1":"product","2":"type-product","3":"status-publish","4":"has-post-thumbnail","6":"product_cat-knopfe-kindermobel-baby-schubladen","7":"pa_color-weis-schrank-griffe-griffe-wandhaken-turhaken-mobelbeine","8":"pa_color-grau-schrank-knauf-griffe-wandaufhanger-turhaken-mobel-beine","9":"pa_color-hellblau-schrankgriffe-griffe-wandaufhanger-turhaken-mobelbeine","10":"pa_color-pink-schrank-knauf-griffe-wandaufhanger-turhaken-mobel-beine","11":"pa_color-sand-schrank-griffe-griffe-wandhaken-turhaken-mobel-beine","12":"pa_tendencia-baby-schrank-griffe-mobel-griffe-fur-kinder-kind","14":"first","15":"instock","16":"taxable","17":"shipping-taxable","18":"purchasable","19":"product-type-variable","20":"has-default-attributes","21":"wvs-archive-product-wrapper"},"_links":{"self":[{"href":"https:\/\/www.pomoline.com\/de\/wp-json\/wp\/v2\/product\/323458","targetHints":{"allow":["GET"]}}],"collection":[{"href":"https:\/\/www.pomoline.com\/de\/wp-json\/wp\/v2\/product"}],"about":[{"href":"https:\/\/www.pomoline.com\/de\/wp-json\/wp\/v2\/types\/product"}],"wp:featuredmedia":[{"embeddable":true,"href":"https:\/\/www.pomoline.com\/de\/wp-json\/wp\/v2\/media\/408876"}],"wp:attachment":[{"href":"https:\/\/www.pomoline.com\/de\/wp-json\/wp\/v2\/media?parent=323458"}],"wp:term":[{"taxonomy":"product_brand","embeddable":true,"href":"https:\/\/www.pomoline.com\/de\/wp-json\/wp\/v2\/product_brand?post=323458"},{"taxonomy":"product_cat","embeddable":true,"href":"https:\/\/www.pomoline.com\/de\/wp-json\/wp\/v2\/product_cat?post=323458"},{"taxonomy":"product_tag","embeddable":true,"href":"https:\/\/www.pomoline.com\/de\/wp-json\/wp\/v2\/product_tag?post=323458"}],"curies":[{"name":"wp","href":"https:\/\/api.w.org\/{rel}","templated":true}]}}