{"id":323462,"date":"2024-04-27T13:20:36","date_gmt":"2024-04-27T11:20:36","guid":{"rendered":"https:\/\/www.pomoline.com\/web-pruebas\/producto\/pomo-tirador-nube-mueble-bebe-infantil-madera-lacada-puntos-blancos\/"},"modified":"2025-03-13T22:33:29","modified_gmt":"2025-03-13T21:33:29","slug":"knopf-mobelknopf-wolke-mobel-baby-kindlich-holz-lackiert-punkte-weisss","status":"publish","type":"product","link":"https:\/\/www.pomoline.com\/de\/produkt\/knopf-mobelknopf-wolke-mobel-baby-kindlich-holz-lackiert-punkte-weisss\/","title":{"rendered":"KNOPF M\u00d6BELKNOPF WOLKE M\u00d6BEL BABY KINDLICH HOLZ LACKIERT PUNKTE WEISSS"},"content":{"rendered":"<p>Gro\u00dfe lackierte Holzkn\u00f6pfe f\u00fcr Babyzimmer und Kinderm\u00f6bel. M\u00f6belknopf aus Naturholz verleihen den Schubladen und T\u00fcren eine sch\u00f6ne Optik. Das Holz ist zertifiziert und stammt aus kontrollierten und nachhaltigen Plantagen. Dieses besondere Modell ist MOD 4<\/p>\n","protected":false},"excerpt":{"rendered":"<p>Gro\u00dfe lackierte Holzkn\u00f6pfe f\u00fcr Babyzimmer und Kinderm\u00f6bel. M\u00f6belknopf aus Naturholz verleihen den Schubladen und T\u00fcren eine sch\u00f6ne Optik. Das Holz ist zertifiziert und stammt aus kontrollierten und nachhaltigen Plantagen. Dieses besondere Modell ist MOD 4<\/p>\n","protected":false},"featured_media":408872,"template":"","meta":{"_joinchat":[]},"product_brand":[],"product_cat":[5358,993,5355],"product_tag":[],"class_list":{"0":"post-323462","1":"product","2":"type-product","3":"status-publish","4":"has-post-thumbnail","6":"product_cat-ofertas-de","7":"product_cat-knopfe-kindermobel-baby-schubladen","8":"product_cat-ofertas","9":"pa_color-blau-schrank-knauf-griffe-wandaufhanger-turhaken-mobel-beine","10":"pa_color-pink-schrank-knauf-griffe-wandaufhanger-turhaken-mobel-beine","11":"pa_tendencia-baby-schrank-griffe-mobel-griffe-fur-kinder-kind","13":"first","14":"instock","15":"sale","16":"taxable","17":"shipping-taxable","18":"purchasable","19":"product-type-variable","20":"has-default-attributes","21":"wvs-archive-product-wrapper"},"_links":{"self":[{"href":"https:\/\/www.pomoline.com\/de\/wp-json\/wp\/v2\/product\/323462","targetHints":{"allow":["GET"]}}],"collection":[{"href":"https:\/\/www.pomoline.com\/de\/wp-json\/wp\/v2\/product"}],"about":[{"href":"https:\/\/www.pomoline.com\/de\/wp-json\/wp\/v2\/types\/product"}],"wp:featuredmedia":[{"embeddable":true,"href":"https:\/\/www.pomoline.com\/de\/wp-json\/wp\/v2\/media\/408872"}],"wp:attachment":[{"href":"https:\/\/www.pomoline.com\/de\/wp-json\/wp\/v2\/media?parent=323462"}],"wp:term":[{"taxonomy":"product_brand","embeddable":true,"href":"https:\/\/www.pomoline.com\/de\/wp-json\/wp\/v2\/product_brand?post=323462"},{"taxonomy":"product_cat","embeddable":true,"href":"https:\/\/www.pomoline.com\/de\/wp-json\/wp\/v2\/product_cat?post=323462"},{"taxonomy":"product_tag","embeddable":true,"href":"https:\/\/www.pomoline.com\/de\/wp-json\/wp\/v2\/product_tag?post=323462"}],"curies":[{"name":"wp","href":"https:\/\/api.w.org\/{rel}","templated":true}]}}