{"id":323482,"date":"2024-04-27T13:21:11","date_gmt":"2024-04-27T11:21:11","guid":{"rendered":"https:\/\/www.pomoline.com\/web-pruebas\/producto\/tirador-pomo-de-mueble-circulos-colores-madera-pintada-para-cajon\/"},"modified":"2025-03-13T22:32:03","modified_gmt":"2025-03-13T21:32:03","slug":"mobelknopf-knopf-von-mobel-kreise-farben-holz-bemalt-fur-schublade","status":"publish","type":"product","link":"https:\/\/www.pomoline.com\/de\/produkt\/mobelknopf-knopf-von-mobel-kreise-farben-holz-bemalt-fur-schublade\/","title":{"rendered":"M\u00d6BELKNOPF KNOPF VON M\u00d6BEL KREISE FARBEN HOLZ BEMALT F\u00dcR SCHUBLADE"},"content":{"rendered":"<p>M\u00f6belkn\u00f6pfe handbemalte aus Holz auf handgemacht Weise. Sie sind sehr sch\u00f6n und sehen toll aus in den Schubladen des Kinderzimmers. Dieses besondere Modell ist MOD 432 Griff M\u00f6belknopf Kreise Farben lackiertes Holz f\u00fcr Schublade<\/p>\n","protected":false},"excerpt":{"rendered":"<p>M\u00f6belkn\u00f6pfe handbemalte aus Holz auf handgemacht Weise. Sie sind sehr sch\u00f6n und sehen toll aus in den Schubladen des Kinderzimmers. Dieses besondere Modell ist MOD 432 Griff M\u00f6belknopf Kreise Farben lackiertes Holz f\u00fcr Schublade<\/p>\n","protected":false},"featured_media":408852,"template":"","meta":{"_joinchat":[]},"product_brand":[],"product_cat":[993],"product_tag":[],"class_list":{"0":"post-323482","1":"product","2":"type-product","3":"status-publish","4":"has-post-thumbnail","6":"product_cat-knopfe-kindermobel-baby-schubladen","7":"pa_color-hellblau-schrankgriffe-griffe-wandaufhanger-turhaken-mobelbeine","8":"pa_color-lila-schrank-knauf-griffe-wandaufhanger-turhaken-mobel-beine","9":"pa_tendencia-kinderschrank-griffe-mobelgriffe-fur-kind","11":"first","12":"instock","13":"taxable","14":"shipping-taxable","15":"purchasable","16":"product-type-variable","17":"has-default-attributes","18":"wvs-archive-product-wrapper"},"_links":{"self":[{"href":"https:\/\/www.pomoline.com\/de\/wp-json\/wp\/v2\/product\/323482","targetHints":{"allow":["GET"]}}],"collection":[{"href":"https:\/\/www.pomoline.com\/de\/wp-json\/wp\/v2\/product"}],"about":[{"href":"https:\/\/www.pomoline.com\/de\/wp-json\/wp\/v2\/types\/product"}],"wp:featuredmedia":[{"embeddable":true,"href":"https:\/\/www.pomoline.com\/de\/wp-json\/wp\/v2\/media\/408852"}],"wp:attachment":[{"href":"https:\/\/www.pomoline.com\/de\/wp-json\/wp\/v2\/media?parent=323482"}],"wp:term":[{"taxonomy":"product_brand","embeddable":true,"href":"https:\/\/www.pomoline.com\/de\/wp-json\/wp\/v2\/product_brand?post=323482"},{"taxonomy":"product_cat","embeddable":true,"href":"https:\/\/www.pomoline.com\/de\/wp-json\/wp\/v2\/product_cat?post=323482"},{"taxonomy":"product_tag","embeddable":true,"href":"https:\/\/www.pomoline.com\/de\/wp-json\/wp\/v2\/product_tag?post=323482"}],"curies":[{"name":"wp","href":"https:\/\/api.w.org\/{rel}","templated":true}]}}