{"id":323486,"date":"2024-04-27T13:21:17","date_gmt":"2024-04-27T11:21:17","guid":{"rendered":"https:\/\/www.pomoline.com\/web-pruebas\/producto\/tirador-mueble-madera-haya-natural-con-niquel-mate-para-armario-cocina\/"},"modified":"2025-03-13T22:31:48","modified_gmt":"2025-03-13T21:31:48","slug":"mobelknopf-mobel-holz-buche-natur-mit-nickel-matt-fur-schrank-kuche","status":"publish","type":"product","link":"https:\/\/www.pomoline.com\/de\/produkt\/mobelknopf-mobel-holz-buche-natur-mit-nickel-matt-fur-schrank-kuche\/","title":{"rendered":"M\u00d6BELKNOPF M\u00d6BEL HOLZ BUCHE NATUR MIT NICKEL MATT F\u00dcR SCHRANK K\u00dcCHE"},"content":{"rendered":"<p>M\u00f6belkn\u00f6pfe aus Naturholz mit Metalllteil, die den Schubladen und T\u00fcren eine sehr sch\u00f6ne Optik verleihen. M\u00f6belknopf aus Naturholz verleihen den Schubladen und T\u00fcren eine sch\u00f6ne Optik. Das Holz ist zertifiziert und stammt aus kontrollierten und nachhaltig<\/p>\n","protected":false},"excerpt":{"rendered":"<p>M\u00f6belkn\u00f6pfe aus Naturholz mit Metalllteil, die den Schubladen und T\u00fcren eine sehr sch\u00f6ne Optik verleihen. M\u00f6belknopf aus Naturholz verleihen den Schubladen und T\u00fcren eine sch\u00f6ne Optik. Das Holz ist zertifiziert und stammt aus kontrollierten und nachhaltig<\/p>\n","protected":false},"featured_media":408848,"template":"","meta":{"_joinchat":[]},"product_brand":[],"product_cat":[5187,989],"product_tag":[],"class_list":{"0":"post-323486","1":"product","2":"type-product","3":"status-publish","4":"has-post-thumbnail","6":"product_cat-mobelgriffe-und-knopfe-fur-schubladen","7":"product_cat-mobelknopfe-lackiertes-beizen-holz-griffe-kindermobel-klassische-mobel","8":"pa_color-natur-buche-schrank-knauf-griffe-wandaufhanger-turhaken-mobel-beine","9":"pa_color-buche-honig-schrank-knopfe-griffe-wandhanger-turhaken-mobelbeine","10":"pa_color-nussbaum-schrank-knopfe-griffe-wandaufhanger-turhaken-mobelbeine","11":"pa_distancia-agujeros-tornillos-tiradores-128-mm-entre-centros-de-tornillos-cajon-puerta-mueble-de","12":"pa_tendencia-holzgriffe-und-knauf-fur-mobel","14":"first","15":"instock","16":"taxable","17":"shipping-taxable","18":"purchasable","19":"product-type-variable","20":"has-default-attributes","21":"wvs-archive-product-wrapper"},"_links":{"self":[{"href":"https:\/\/www.pomoline.com\/de\/wp-json\/wp\/v2\/product\/323486","targetHints":{"allow":["GET"]}}],"collection":[{"href":"https:\/\/www.pomoline.com\/de\/wp-json\/wp\/v2\/product"}],"about":[{"href":"https:\/\/www.pomoline.com\/de\/wp-json\/wp\/v2\/types\/product"}],"wp:featuredmedia":[{"embeddable":true,"href":"https:\/\/www.pomoline.com\/de\/wp-json\/wp\/v2\/media\/408848"}],"wp:attachment":[{"href":"https:\/\/www.pomoline.com\/de\/wp-json\/wp\/v2\/media?parent=323486"}],"wp:term":[{"taxonomy":"product_brand","embeddable":true,"href":"https:\/\/www.pomoline.com\/de\/wp-json\/wp\/v2\/product_brand?post=323486"},{"taxonomy":"product_cat","embeddable":true,"href":"https:\/\/www.pomoline.com\/de\/wp-json\/wp\/v2\/product_cat?post=323486"},{"taxonomy":"product_tag","embeddable":true,"href":"https:\/\/www.pomoline.com\/de\/wp-json\/wp\/v2\/product_tag?post=323486"}],"curies":[{"name":"wp","href":"https:\/\/api.w.org\/{rel}","templated":true}]}}