{"id":323490,"date":"2024-04-27T13:21:22","date_gmt":"2024-04-27T11:21:22","guid":{"rendered":"https:\/\/www.pomoline.com\/web-pruebas\/producto\/tirador-concha-madera-haya-laca-natural-para-armario-cocina-96mm\/"},"modified":"2025-03-13T22:31:29","modified_gmt":"2025-03-13T21:31:29","slug":"mobelknopf-muschel-holz-buche-lack-natur-fur-schrank-kuche-96mm","status":"publish","type":"product","link":"https:\/\/www.pomoline.com\/de\/produkt\/mobelknopf-muschel-holz-buche-lack-natur-fur-schrank-kuche-96mm\/","title":{"rendered":"M\u00d6BELKNOPF MUSCHEL HOLZ BUCHE LACK NATUR F\u00dcR SCHRANK K\u00dcCHE 96MM"},"content":{"rendered":"<p>Wundersch\u00f6ner M\u00f6belgriff aus Massivholz, sehr originell, der Ihren M\u00f6beln viel Freude bereiten wird. Die abgerundeten Kanten bieten eine hervorragende Sto\u00dffestigkeit und Langlebigkeit. Sie k\u00f6nnen zwischen zwei Ausf\u00fchrungen w\u00e4hlen: Buche natur oder Buche h<\/p>\n","protected":false},"excerpt":{"rendered":"<p>Wundersch\u00f6ner M\u00f6belgriff aus Massivholz, sehr originell, der Ihren M\u00f6beln viel Freude bereiten wird. Die abgerundeten Kanten bieten eine hervorragende Sto\u00dffestigkeit und Langlebigkeit. Sie k\u00f6nnen zwischen zwei Ausf\u00fchrungen w\u00e4hlen: Buche natur oder Buche h<\/p>\n","protected":false},"featured_media":408844,"template":"","meta":{"_joinchat":[]},"product_brand":[],"product_cat":[5187,989],"product_tag":[],"class_list":{"0":"post-323490","1":"product","2":"type-product","3":"status-publish","4":"has-post-thumbnail","6":"product_cat-mobelgriffe-und-knopfe-fur-schubladen","7":"product_cat-mobelknopfe-lackiertes-beizen-holz-griffe-kindermobel-klassische-mobel","8":"pa_color-natur-buche-schrank-knauf-griffe-wandaufhanger-turhaken-mobel-beine","9":"pa_color-buche-honig-schrank-knopfe-griffe-wandhanger-turhaken-mobelbeine","10":"pa_distancia-agujeros-tornillos-tiradores-96-mm-entre-centros-de-tornillos-cajon-puerta-mueble-de","11":"pa_tendencia-holzgriffe-und-knauf-fur-mobel","13":"first","14":"instock","15":"taxable","16":"shipping-taxable","17":"purchasable","18":"product-type-variable","19":"has-default-attributes","20":"wvs-archive-product-wrapper"},"_links":{"self":[{"href":"https:\/\/www.pomoline.com\/de\/wp-json\/wp\/v2\/product\/323490","targetHints":{"allow":["GET"]}}],"collection":[{"href":"https:\/\/www.pomoline.com\/de\/wp-json\/wp\/v2\/product"}],"about":[{"href":"https:\/\/www.pomoline.com\/de\/wp-json\/wp\/v2\/types\/product"}],"wp:featuredmedia":[{"embeddable":true,"href":"https:\/\/www.pomoline.com\/de\/wp-json\/wp\/v2\/media\/408844"}],"wp:attachment":[{"href":"https:\/\/www.pomoline.com\/de\/wp-json\/wp\/v2\/media?parent=323490"}],"wp:term":[{"taxonomy":"product_brand","embeddable":true,"href":"https:\/\/www.pomoline.com\/de\/wp-json\/wp\/v2\/product_brand?post=323490"},{"taxonomy":"product_cat","embeddable":true,"href":"https:\/\/www.pomoline.com\/de\/wp-json\/wp\/v2\/product_cat?post=323490"},{"taxonomy":"product_tag","embeddable":true,"href":"https:\/\/www.pomoline.com\/de\/wp-json\/wp\/v2\/product_tag?post=323490"}],"curies":[{"name":"wp","href":"https:\/\/api.w.org\/{rel}","templated":true}]}}