{"id":323498,"date":"2024-04-27T13:21:34","date_gmt":"2024-04-27T11:21:34","guid":{"rendered":"https:\/\/www.pomoline.com\/web-pruebas\/producto\/tirador-asa-madera-haya-laca-natural-para-mueble-cocina-96mm\/"},"modified":"2025-03-13T22:30:55","modified_gmt":"2025-03-13T21:30:55","slug":"mobelknopf-griff-holz-buche-lack-natur-fur-mobel-kuche-96mm","status":"publish","type":"product","link":"https:\/\/www.pomoline.com\/de\/produkt\/mobelknopf-griff-holz-buche-lack-natur-fur-mobel-kuche-96mm\/","title":{"rendered":"M\u00d6BELKNOPF GRIFF HOLZ BUCHE LACK NATUR F\u00dcR M\u00d6BEL K\u00dcCHE 96MM"},"content":{"rendered":"<p>M\u00f6belknopf aus Naturholz verleihen den Schubladen und T\u00fcren eine sch\u00f6ne Optik. Das Holz ist zertifiziert und stammt aus kontrollierten und nachhaltigen Plantagen. Dieses besondere Modell ist MOD 411 M\u00f6belknopf Griff Holz Buche Lack naturgem\u00e4\u00df par<\/p>\n","protected":false},"excerpt":{"rendered":"<p>M\u00f6belknopf aus Naturholz verleihen den Schubladen und T\u00fcren eine sch\u00f6ne Optik. Das Holz ist zertifiziert und stammt aus kontrollierten und nachhaltigen Plantagen. Dieses besondere Modell ist MOD 411 M\u00f6belknopf Griff Holz Buche Lack naturgem\u00e4\u00df par<\/p>\n","protected":false},"featured_media":408836,"template":"","meta":{"_joinchat":[]},"product_brand":[],"product_cat":[5187,989],"product_tag":[],"class_list":{"0":"post-323498","1":"product","2":"type-product","3":"status-publish","4":"has-post-thumbnail","6":"product_cat-mobelgriffe-und-knopfe-fur-schubladen","7":"product_cat-mobelknopfe-lackiertes-beizen-holz-griffe-kindermobel-klassische-mobel","8":"pa_color-natur-buche-schrank-knauf-griffe-wandaufhanger-turhaken-mobel-beine","9":"pa_color-buche-honig-schrank-knopfe-griffe-wandhanger-turhaken-mobelbeine","10":"pa_distancia-agujeros-tornillos-tiradores-96-mm-entre-centros-de-tornillos-cajon-puerta-mueble-de","11":"pa_tendencia-holzgriffe-und-knauf-fur-mobel","13":"first","14":"instock","15":"taxable","16":"shipping-taxable","17":"purchasable","18":"product-type-variable","19":"has-default-attributes","20":"wvs-archive-product-wrapper"},"_links":{"self":[{"href":"https:\/\/www.pomoline.com\/de\/wp-json\/wp\/v2\/product\/323498","targetHints":{"allow":["GET"]}}],"collection":[{"href":"https:\/\/www.pomoline.com\/de\/wp-json\/wp\/v2\/product"}],"about":[{"href":"https:\/\/www.pomoline.com\/de\/wp-json\/wp\/v2\/types\/product"}],"wp:featuredmedia":[{"embeddable":true,"href":"https:\/\/www.pomoline.com\/de\/wp-json\/wp\/v2\/media\/408836"}],"wp:attachment":[{"href":"https:\/\/www.pomoline.com\/de\/wp-json\/wp\/v2\/media?parent=323498"}],"wp:term":[{"taxonomy":"product_brand","embeddable":true,"href":"https:\/\/www.pomoline.com\/de\/wp-json\/wp\/v2\/product_brand?post=323498"},{"taxonomy":"product_cat","embeddable":true,"href":"https:\/\/www.pomoline.com\/de\/wp-json\/wp\/v2\/product_cat?post=323498"},{"taxonomy":"product_tag","embeddable":true,"href":"https:\/\/www.pomoline.com\/de\/wp-json\/wp\/v2\/product_tag?post=323498"}],"curies":[{"name":"wp","href":"https:\/\/api.w.org\/{rel}","templated":true}]}}