{"id":323506,"date":"2024-04-27T13:21:49","date_gmt":"2024-04-27T11:21:49","guid":{"rendered":"https:\/\/www.pomoline.com\/web-pruebas\/producto\/pomo-madera-haya-laca-miel-tiradore-mueble-ceramica-artesanal\/"},"modified":"2025-03-13T22:30:21","modified_gmt":"2025-03-13T21:30:21","slug":"knopf-holz-buche-lack-honig-mobelknopf-e-mobel-keramik-hausgemacht","status":"publish","type":"product","link":"https:\/\/www.pomoline.com\/de\/produkt\/knopf-holz-buche-lack-honig-mobelknopf-e-mobel-keramik-hausgemacht\/","title":{"rendered":"KNOPF HOLZ BUCHE LACK HONIG"},"content":{"rendered":"<p>M\u00f6belkn\u00f6pfe aus Naturholz, die Schubladen und T\u00fcren verleihen, pilzf\u00f6rmig bietet verschiedene Oberfl\u00e4chen. Wirtschaftlich kann in jeder dekorativen Umgebung platziert werden. Das Holz ist zertifiziert und stammt aus kontrolliertem und nachhaltigem Anbau<\/p>\n","protected":false},"excerpt":{"rendered":"<p>M\u00f6belkn\u00f6pfe aus Naturholz, die Schubladen und T\u00fcren verleihen, pilzf\u00f6rmig bietet verschiedene Oberfl\u00e4chen. Wirtschaftlich kann in jeder dekorativen Umgebung platziert werden. Das Holz ist zertifiziert und stammt aus kontrolliertem und nachhaltigem Anbau<\/p>\n","protected":false},"featured_media":408828,"template":"","meta":{"_joinchat":[]},"product_brand":[],"product_cat":[5187,989],"product_tag":[],"class_list":{"0":"post-323506","1":"product","2":"type-product","3":"status-publish","4":"has-post-thumbnail","6":"product_cat-mobelgriffe-und-knopfe-fur-schubladen","7":"product_cat-mobelknopfe-lackiertes-beizen-holz-griffe-kindermobel-klassische-mobel","8":"pa_color-braun-schrank-griffe-griffe-wandaufhanger-turhaken-mobel-beine","9":"pa_color-nussbaum-schrank-knopfe-griffe-wandaufhanger-turhaken-mobelbeine","10":"pa_tendencia-holzgriffe-und-knauf-fur-mobel","12":"first","13":"instock","14":"taxable","15":"shipping-taxable","16":"purchasable","17":"product-type-variable","18":"has-default-attributes","19":"wvs-archive-product-wrapper"},"_links":{"self":[{"href":"https:\/\/www.pomoline.com\/de\/wp-json\/wp\/v2\/product\/323506","targetHints":{"allow":["GET"]}}],"collection":[{"href":"https:\/\/www.pomoline.com\/de\/wp-json\/wp\/v2\/product"}],"about":[{"href":"https:\/\/www.pomoline.com\/de\/wp-json\/wp\/v2\/types\/product"}],"wp:featuredmedia":[{"embeddable":true,"href":"https:\/\/www.pomoline.com\/de\/wp-json\/wp\/v2\/media\/408828"}],"wp:attachment":[{"href":"https:\/\/www.pomoline.com\/de\/wp-json\/wp\/v2\/media?parent=323506"}],"wp:term":[{"taxonomy":"product_brand","embeddable":true,"href":"https:\/\/www.pomoline.com\/de\/wp-json\/wp\/v2\/product_brand?post=323506"},{"taxonomy":"product_cat","embeddable":true,"href":"https:\/\/www.pomoline.com\/de\/wp-json\/wp\/v2\/product_cat?post=323506"},{"taxonomy":"product_tag","embeddable":true,"href":"https:\/\/www.pomoline.com\/de\/wp-json\/wp\/v2\/product_tag?post=323506"}],"curies":[{"name":"wp","href":"https:\/\/api.w.org\/{rel}","templated":true}]}}