{"id":323510,"date":"2024-04-27T13:21:57","date_gmt":"2024-04-27T11:21:57","guid":{"rendered":"https:\/\/www.pomoline.com\/web-pruebas\/producto\/tirador-pomo-de-mueble-madera-haya-crudo-para-armario-cajon-35mm\/"},"modified":"2025-03-13T22:30:05","modified_gmt":"2025-03-13T21:30:05","slug":"mobelknopf-knopf-von-mobel-holz-buche-roh-fur-schrank-schublade-35mm","status":"publish","type":"product","link":"https:\/\/www.pomoline.com\/de\/produkt\/mobelknopf-knopf-von-mobel-holz-buche-roh-fur-schrank-schublade-35mm\/","title":{"rendered":"M\u00d6BELKNOPF KNOPF VON M\u00d6BEL HOLZ BUCHE ROH F\u00dcR SCHRANK SCHUBLADE 35MM"},"content":{"rendered":"<p>M\u00f6belknopf aus Naturholz verleihen den Schubladen und T\u00fcren eine sch\u00f6ne Optik. Das Holz ist zertifiziert und stammt aus kontrollierten und nachhaltigen Plantagen. Dieses besondere Modell ist MOD 403 Griff M\u00f6belknopf Holz rohe Buche<\/p>\n","protected":false},"excerpt":{"rendered":"<p>M\u00f6belknopf aus Naturholz verleihen den Schubladen und T\u00fcren eine sch\u00f6ne Optik. Das Holz ist zertifiziert und stammt aus kontrollierten und nachhaltigen Plantagen. Dieses besondere Modell ist MOD 403 Griff M\u00f6belknopf Holz rohe Buche<\/p>\n","protected":false},"featured_media":408824,"template":"","meta":{"_joinchat":[]},"product_brand":[],"product_cat":[5187,989],"product_tag":[],"class_list":{"0":"post-323510","1":"product","2":"type-product","3":"status-publish","4":"has-post-thumbnail","6":"product_cat-mobelgriffe-und-knopfe-fur-schubladen","7":"product_cat-mobelknopfe-lackiertes-beizen-holz-griffe-kindermobel-klassische-mobel","8":"pa_color-natur-buche-schrank-knauf-griffe-wandaufhanger-turhaken-mobel-beine","9":"pa_color-rohe-eiche-schrankgriffe-griffe-wandaufhanger-turhaken-mobelbeine","10":"pa_color-eiche-schrank-knauf-griffe-wandaufhanger-turhaken-mobel-beine","11":"pa_color-buche-honig-schrank-knopfe-griffe-wandhanger-turhaken-mobelbeine","12":"pa_color-rohholz-schrank-knauf-griffe-wandaufhanger-turhaken-mobel-beine","13":"pa_tendencia-holzgriffe-und-knauf-fur-mobel","15":"first","16":"instock","17":"taxable","18":"shipping-taxable","19":"purchasable","20":"product-type-variable","21":"has-default-attributes","22":"wvs-archive-product-wrapper"},"_links":{"self":[{"href":"https:\/\/www.pomoline.com\/de\/wp-json\/wp\/v2\/product\/323510","targetHints":{"allow":["GET"]}}],"collection":[{"href":"https:\/\/www.pomoline.com\/de\/wp-json\/wp\/v2\/product"}],"about":[{"href":"https:\/\/www.pomoline.com\/de\/wp-json\/wp\/v2\/types\/product"}],"wp:featuredmedia":[{"embeddable":true,"href":"https:\/\/www.pomoline.com\/de\/wp-json\/wp\/v2\/media\/408824"}],"wp:attachment":[{"href":"https:\/\/www.pomoline.com\/de\/wp-json\/wp\/v2\/media?parent=323510"}],"wp:term":[{"taxonomy":"product_brand","embeddable":true,"href":"https:\/\/www.pomoline.com\/de\/wp-json\/wp\/v2\/product_brand?post=323510"},{"taxonomy":"product_cat","embeddable":true,"href":"https:\/\/www.pomoline.com\/de\/wp-json\/wp\/v2\/product_cat?post=323510"},{"taxonomy":"product_tag","embeddable":true,"href":"https:\/\/www.pomoline.com\/de\/wp-json\/wp\/v2\/product_tag?post=323510"}],"curies":[{"name":"wp","href":"https:\/\/api.w.org\/{rel}","templated":true}]}}