{"id":323526,"date":"2024-04-27T13:22:39","date_gmt":"2024-04-27T11:22:39","guid":{"rendered":"https:\/\/www.pomoline.com\/web-pruebas\/producto\/tirador-asa-de-mueble-porcelana-crema-bronce-para-cajonera-y-armario\/"},"modified":"2025-03-13T22:28:56","modified_gmt":"2025-03-13T21:28:56","slug":"mobelknopf-mobelgriff-porzellan-cremefarben-bronze-fur-schubladenschrank-und-schrank","status":"publish","type":"product","link":"https:\/\/www.pomoline.com\/de\/produkt\/mobelknopf-mobelgriff-porzellan-cremefarben-bronze-fur-schubladenschrank-und-schrank\/","title":{"rendered":"M\u00d6BELKNOPF M\u00d6BELGRIFF PORZELLAN CREMEFARBEN BRONZE F\u00dcR SCHUBLADENSCHRANK UND SCHRANK"},"content":{"rendered":"<p>Tiradores de porcelana y ceramica clasica para muebles rusticos vintage. Son pomos muy elegantes para ese ambiente exclusivo de las villas. Este modelo en concreto es el MOD 392 tirador asa de mueble porcelana crema bronce para cajonera y armario<\/p>\n","protected":false},"excerpt":{"rendered":"<p>Tiradores de porcelana y ceramica clasica para muebles rusticos vintage. Son pomos muy elegantes para ese ambiente exclusivo de las villas. Este modelo en concreto es el MOD 392 tirador asa de mueble porcelana crema bronce para cajonera y armario<\/p>\n","protected":false},"featured_media":408808,"template":"","meta":{"_joinchat":[]},"product_brand":[],"product_cat":[985,5187],"product_tag":[],"class_list":{"0":"post-323526","1":"product","2":"type-product","3":"status-publish","4":"has-post-thumbnail","6":"product_cat-porzellanknaufe-mobelknaufen","7":"product_cat-mobelgriffe-und-knopfe-fur-schubladen","8":"pa_color-knochen-schrank-knaufe-griffe-wandaufhanger-turhaken-mobelbeine","9":"pa_distancia-agujeros-tornillos-tiradores-96-mm-entre-centros-de-tornillos-cajon-puerta-mueble-de","10":"pa_tendencia-klassische-porzellan-knopfe-fur-mobel","12":"first","13":"instock","14":"taxable","15":"shipping-taxable","16":"purchasable","17":"product-type-variable","18":"has-default-attributes","19":"wvs-archive-product-wrapper"},"_links":{"self":[{"href":"https:\/\/www.pomoline.com\/de\/wp-json\/wp\/v2\/product\/323526","targetHints":{"allow":["GET"]}}],"collection":[{"href":"https:\/\/www.pomoline.com\/de\/wp-json\/wp\/v2\/product"}],"about":[{"href":"https:\/\/www.pomoline.com\/de\/wp-json\/wp\/v2\/types\/product"}],"wp:featuredmedia":[{"embeddable":true,"href":"https:\/\/www.pomoline.com\/de\/wp-json\/wp\/v2\/media\/408808"}],"wp:attachment":[{"href":"https:\/\/www.pomoline.com\/de\/wp-json\/wp\/v2\/media?parent=323526"}],"wp:term":[{"taxonomy":"product_brand","embeddable":true,"href":"https:\/\/www.pomoline.com\/de\/wp-json\/wp\/v2\/product_brand?post=323526"},{"taxonomy":"product_cat","embeddable":true,"href":"https:\/\/www.pomoline.com\/de\/wp-json\/wp\/v2\/product_cat?post=323526"},{"taxonomy":"product_tag","embeddable":true,"href":"https:\/\/www.pomoline.com\/de\/wp-json\/wp\/v2\/product_tag?post=323526"}],"curies":[{"name":"wp","href":"https:\/\/api.w.org\/{rel}","templated":true}]}}