{"id":323534,"date":"2024-04-27T13:22:56","date_gmt":"2024-04-27T11:22:56","guid":{"rendered":"https:\/\/www.pomoline.com\/web-pruebas\/producto\/tirador-pomo-de-mueble-ceramica-fantasia-para-cajonera-y-armario\/"},"modified":"2025-03-13T22:28:22","modified_gmt":"2025-03-13T21:28:22","slug":"knopf-mobel-metall-gealtert-25mm-mod387","status":"publish","type":"product","link":"https:\/\/www.pomoline.com\/de\/produkt\/knopf-mobel-metall-gealtert-25mm-mod387\/","title":{"rendered":"KNOPF M\u00d6BEL METALL GEALTERT DIAM. 25MM"},"content":{"rendered":"<p>Gro\u00dfer klassischer rechteckiger M\u00f6belgriff mit gealtertem Bronze-Finish f\u00fcr jede Art von M\u00f6bel oder Kleiderschrank, ideal, um Ihren M\u00f6beln eine traditionelle Note zu verleihen. Mod 387<\/p>\n","protected":false},"excerpt":{"rendered":"<p>Gro\u00dfer klassischer rechteckiger M\u00f6belgriff mit gealtertem Bronze-Finish f\u00fcr jede Art von M\u00f6bel oder Kleiderschrank, ideal, um Ihren M\u00f6beln eine traditionelle Note zu verleihen. Mod 387<\/p>\n","protected":false},"featured_media":413855,"template":"","meta":{"_joinchat":[]},"product_brand":[],"product_cat":[969,5187],"product_tag":[],"class_list":{"0":"post-323534","1":"product","2":"type-product","3":"status-publish","4":"has-post-thumbnail","6":"product_cat-griffe-mobelknopfe-gealtertes-metall-klassiker-rustikal-kolonial","7":"product_cat-mobelgriffe-und-knopfe-fur-schubladen","8":"pa_color-alte-messing-schrankknopfe-griffe-wandaufhanger-turhaken-mobelbeine","9":"pa_color-alte-silberne-schrankgriffe-griffe-wandaufhanger-turhaken-mobelbeine","10":"pa_color-inca-gold-matt-schrankknopfe-griffe-wandhaken-turhaken-mobelbeine","11":"pa_tendencia-schrank-knopfe-und-griffe-klassische-mobel","12":"pa_tendencia-ringgriff-schublade-mobel-klassisch","14":"first","15":"instock","16":"featured","17":"taxable","18":"shipping-taxable","19":"purchasable","20":"product-type-variable","21":"has-default-attributes","22":"wvs-archive-product-wrapper"},"_links":{"self":[{"href":"https:\/\/www.pomoline.com\/de\/wp-json\/wp\/v2\/product\/323534","targetHints":{"allow":["GET"]}}],"collection":[{"href":"https:\/\/www.pomoline.com\/de\/wp-json\/wp\/v2\/product"}],"about":[{"href":"https:\/\/www.pomoline.com\/de\/wp-json\/wp\/v2\/types\/product"}],"wp:featuredmedia":[{"embeddable":true,"href":"https:\/\/www.pomoline.com\/de\/wp-json\/wp\/v2\/media\/413855"}],"wp:attachment":[{"href":"https:\/\/www.pomoline.com\/de\/wp-json\/wp\/v2\/media?parent=323534"}],"wp:term":[{"taxonomy":"product_brand","embeddable":true,"href":"https:\/\/www.pomoline.com\/de\/wp-json\/wp\/v2\/product_brand?post=323534"},{"taxonomy":"product_cat","embeddable":true,"href":"https:\/\/www.pomoline.com\/de\/wp-json\/wp\/v2\/product_cat?post=323534"},{"taxonomy":"product_tag","embeddable":true,"href":"https:\/\/www.pomoline.com\/de\/wp-json\/wp\/v2\/product_tag?post=323534"}],"curies":[{"name":"wp","href":"https:\/\/api.w.org\/{rel}","templated":true}]}}