{"id":323538,"date":"2024-04-27T13:23:03","date_gmt":"2024-04-27T11:23:03","guid":{"rendered":"https:\/\/www.pomoline.com\/web-pruebas\/producto\/tirador-pomo-de-mueble-ceramica-color-color-para-cajonera-y-armario\/"},"modified":"2025-03-13T22:28:03","modified_gmt":"2025-03-13T21:28:03","slug":"runder-mbelknopf-lilafarbenem-porzellan","status":"publish","type":"product","link":"https:\/\/www.pomoline.com\/de\/produkt\/runder-mbelknopf-lilafarbenem-porzellan\/","title":{"rendered":"FARBIGER KERAMIK-M\u00d6BELKNOPFGRIFF F\u00dcR DEN SCHRANK"},"content":{"rendered":"<p>Kn\u00f6pfe und Griffe aus Keramik und Porzellan f\u00fcr Schubladen von Kinderm\u00f6beln. Die meisten sind handbemalt und eignen sich ideal f\u00fcr Kinderzimmer. Bei diesem speziellen Modell handelt es sich um die Keramik-M\u00f6belknopfgrifffarbe MOD 376 f\u00fcr Schubladen und Sc<\/p>\n","protected":false},"excerpt":{"rendered":"<p>Kn\u00f6pfe und Griffe aus Keramik und Porzellan f\u00fcr Schubladen von Kinderm\u00f6beln. Die meisten sind handbemalt und eignen sich ideal f\u00fcr Kinderzimmer. Bei diesem speziellen Modell handelt es sich um die Keramik-M\u00f6belknopfgrifffarbe MOD 376 f\u00fcr Schubladen und Sc<\/p>\n","protected":false},"featured_media":408796,"template":"","meta":{"_joinchat":[]},"product_brand":[],"product_cat":[5358,993,5355],"product_tag":[],"class_list":{"0":"post-323538","1":"product","2":"type-product","3":"status-publish","4":"has-post-thumbnail","6":"product_cat-ofertas-de","7":"product_cat-knopfe-kindermobel-baby-schubladen","8":"product_cat-ofertas","9":"pa_color-lila-schrank-knauf-griffe-wandaufhanger-turhaken-mobel-beine","10":"pa_tendencia-pop-schrank-griffe-und-knopfe","12":"first","13":"instock","14":"sale","15":"taxable","16":"shipping-taxable","17":"purchasable","18":"product-type-variable","19":"has-default-attributes","20":"wvs-archive-product-wrapper"},"_links":{"self":[{"href":"https:\/\/www.pomoline.com\/de\/wp-json\/wp\/v2\/product\/323538","targetHints":{"allow":["GET"]}}],"collection":[{"href":"https:\/\/www.pomoline.com\/de\/wp-json\/wp\/v2\/product"}],"about":[{"href":"https:\/\/www.pomoline.com\/de\/wp-json\/wp\/v2\/types\/product"}],"wp:featuredmedia":[{"embeddable":true,"href":"https:\/\/www.pomoline.com\/de\/wp-json\/wp\/v2\/media\/408796"}],"wp:attachment":[{"href":"https:\/\/www.pomoline.com\/de\/wp-json\/wp\/v2\/media?parent=323538"}],"wp:term":[{"taxonomy":"product_brand","embeddable":true,"href":"https:\/\/www.pomoline.com\/de\/wp-json\/wp\/v2\/product_brand?post=323538"},{"taxonomy":"product_cat","embeddable":true,"href":"https:\/\/www.pomoline.com\/de\/wp-json\/wp\/v2\/product_cat?post=323538"},{"taxonomy":"product_tag","embeddable":true,"href":"https:\/\/www.pomoline.com\/de\/wp-json\/wp\/v2\/product_tag?post=323538"}],"curies":[{"name":"wp","href":"https:\/\/api.w.org\/{rel}","templated":true}]}}