{"id":323542,"date":"2024-04-27T13:23:10","date_gmt":"2024-04-27T11:23:10","guid":{"rendered":"https:\/\/www.pomoline.com\/web-pruebas\/producto\/tirador-pomo-porcelana-beige-laton-herrajes-mueble-clasico\/"},"modified":"2025-03-13T22:27:47","modified_gmt":"2025-03-13T21:27:47","slug":"mobelknopf-knopf-porzellan-beige-messing-beschlage-mobel-klassisch","status":"publish","type":"product","link":"https:\/\/www.pomoline.com\/de\/produkt\/mobelknopf-knopf-porzellan-beige-messing-beschlage-mobel-klassisch\/","title":{"rendered":"M\u00d6BELKNOPF KNOPF PORZELLAN BEIGE | MESSING | BESCHL\u00c4GE M\u00d6BEL KLASSISCH"},"content":{"rendered":"<p>Klassische Porzellan- und Keramikgriffe f\u00fcr rustikale Vintage-M\u00f6bel. Es sind sehr elegante Kn\u00f6pfe f\u00fcr die exklusive Atmosph\u00e4re der Villen. Bei diesem speziellen Modell handelt es sich um den beigefarbenen Porzellanknopfgriff MOD 371 | Messing | klassische<\/p>\n","protected":false},"excerpt":{"rendered":"<p>Klassische Porzellan- und Keramikgriffe f\u00fcr rustikale Vintage-M\u00f6bel. Es sind sehr elegante Kn\u00f6pfe f\u00fcr die exklusive Atmosph\u00e4re der Villen. Bei diesem speziellen Modell handelt es sich um den beigefarbenen Porzellanknopfgriff MOD 371 | Messing | klassische<\/p>\n","protected":false},"featured_media":408792,"template":"","meta":{"_joinchat":[]},"product_brand":[],"product_cat":[985,5187],"product_tag":[],"class_list":{"0":"post-323542","1":"product","2":"type-product","3":"status-publish","4":"has-post-thumbnail","6":"product_cat-porzellanknaufe-mobelknaufen","7":"product_cat-mobelgriffe-und-knopfe-fur-schubladen","8":"pa_color-alte-messing-schrankknopfe-griffe-wandaufhanger-turhaken-mobelbeine","9":"pa_tendencia-klassische-porzellan-knopfe-fur-mobel","11":"first","12":"instock","13":"taxable","14":"shipping-taxable","15":"purchasable","16":"product-type-variable","17":"has-default-attributes","18":"wvs-archive-product-wrapper"},"_links":{"self":[{"href":"https:\/\/www.pomoline.com\/de\/wp-json\/wp\/v2\/product\/323542","targetHints":{"allow":["GET"]}}],"collection":[{"href":"https:\/\/www.pomoline.com\/de\/wp-json\/wp\/v2\/product"}],"about":[{"href":"https:\/\/www.pomoline.com\/de\/wp-json\/wp\/v2\/types\/product"}],"wp:featuredmedia":[{"embeddable":true,"href":"https:\/\/www.pomoline.com\/de\/wp-json\/wp\/v2\/media\/408792"}],"wp:attachment":[{"href":"https:\/\/www.pomoline.com\/de\/wp-json\/wp\/v2\/media?parent=323542"}],"wp:term":[{"taxonomy":"product_brand","embeddable":true,"href":"https:\/\/www.pomoline.com\/de\/wp-json\/wp\/v2\/product_brand?post=323542"},{"taxonomy":"product_cat","embeddable":true,"href":"https:\/\/www.pomoline.com\/de\/wp-json\/wp\/v2\/product_cat?post=323542"},{"taxonomy":"product_tag","embeddable":true,"href":"https:\/\/www.pomoline.com\/de\/wp-json\/wp\/v2\/product_tag?post=323542"}],"curies":[{"name":"wp","href":"https:\/\/api.w.org\/{rel}","templated":true}]}}