{"id":323550,"date":"2024-04-27T13:23:22","date_gmt":"2024-04-27T11:23:22","guid":{"rendered":"https:\/\/www.pomoline.com\/web-pruebas\/producto\/tirador-pomo-porcelana-beige-herrajes-mueble-clasico\/"},"modified":"2025-03-13T22:27:14","modified_gmt":"2025-03-13T21:27:14","slug":"mobelknopf-knopf-porzellan-beige-beschlage-mobel-klassisch","status":"publish","type":"product","link":"https:\/\/www.pomoline.com\/de\/produkt\/mobelknopf-knopf-porzellan-beige-beschlage-mobel-klassisch\/","title":{"rendered":"M\u00d6BELKNOPF KNOPF PORZELLAN BEIGE | BESCHL\u00c4GE M\u00d6BEL KLASSISCH"},"content":{"rendered":"<p>Schubladenkn\u00f6pfe aus Porzellan und Keramik mit Zeichnung f\u00fcr klassische M\u00f6bel und Kinderm\u00f6bel. Bei diesem speziellen Modell handelt es sich um den beigefarbenen Porzellanknopfgriff MOD 370 | klassische M\u00f6belbeschl\u00e4ge<\/p>\n","protected":false},"excerpt":{"rendered":"<p>Schubladenkn\u00f6pfe aus Porzellan und Keramik mit Zeichnung f\u00fcr klassische M\u00f6bel und Kinderm\u00f6bel. Bei diesem speziellen Modell handelt es sich um den beigefarbenen Porzellanknopfgriff MOD 370 | klassische M\u00f6belbeschl\u00e4ge<\/p>\n","protected":false},"featured_media":408784,"template":"","meta":{"_joinchat":[]},"product_brand":[],"product_cat":[985,5187],"product_tag":[],"class_list":{"0":"post-323550","1":"product","2":"type-product","3":"status-publish","4":"has-post-thumbnail","6":"product_cat-porzellanknaufe-mobelknaufen","7":"product_cat-mobelgriffe-und-knopfe-fur-schubladen","8":"pa_color-beige-schrank-knauf-griffe-wandaufhanger-tur-haken-mobel-beine","9":"pa_tendencia-klassische-porzellan-knopfe-fur-mobel","11":"first","12":"instock","13":"taxable","14":"shipping-taxable","15":"purchasable","16":"product-type-variable","17":"has-default-attributes","18":"wvs-archive-product-wrapper"},"_links":{"self":[{"href":"https:\/\/www.pomoline.com\/de\/wp-json\/wp\/v2\/product\/323550","targetHints":{"allow":["GET"]}}],"collection":[{"href":"https:\/\/www.pomoline.com\/de\/wp-json\/wp\/v2\/product"}],"about":[{"href":"https:\/\/www.pomoline.com\/de\/wp-json\/wp\/v2\/types\/product"}],"wp:featuredmedia":[{"embeddable":true,"href":"https:\/\/www.pomoline.com\/de\/wp-json\/wp\/v2\/media\/408784"}],"wp:attachment":[{"href":"https:\/\/www.pomoline.com\/de\/wp-json\/wp\/v2\/media?parent=323550"}],"wp:term":[{"taxonomy":"product_brand","embeddable":true,"href":"https:\/\/www.pomoline.com\/de\/wp-json\/wp\/v2\/product_brand?post=323550"},{"taxonomy":"product_cat","embeddable":true,"href":"https:\/\/www.pomoline.com\/de\/wp-json\/wp\/v2\/product_cat?post=323550"},{"taxonomy":"product_tag","embeddable":true,"href":"https:\/\/www.pomoline.com\/de\/wp-json\/wp\/v2\/product_tag?post=323550"}],"curies":[{"name":"wp","href":"https:\/\/api.w.org\/{rel}","templated":true}]}}