{"id":323554,"date":"2024-04-27T13:23:29","date_gmt":"2024-04-27T11:23:29","guid":{"rendered":"https:\/\/www.pomoline.com\/web-pruebas\/producto\/pomos-y-tiradores-moto-color-porcelana-pintada-a-mano-para-mueble\/"},"modified":"2025-03-13T22:26:56","modified_gmt":"2025-03-13T21:26:56","slug":"knopfe-und-mobelknopfe-motorrad-farbe-porzellan-handbemalte-fur-mobel","status":"publish","type":"product","link":"https:\/\/www.pomoline.com\/de\/produkt\/knopfe-und-mobelknopfe-motorrad-farbe-porzellan-handbemalte-fur-mobel\/","title":{"rendered":"KN\u00d6PFE UND M\u00d6BELKN\u00d6PFE MOTORRAD FARBE PORZELLAN HANDBEMALTE F\u00dcR M\u00d6BEL"},"content":{"rendered":"<p>M\u00f6belkn\u00f6pfe und M\u00f6belgriffe aus keramik und Porzellan f\u00fcr Schublade M\u00f6bel kindlich. Die meisten von ihnen sind handbemalt und eignen sich ideal f\u00fcr Kinderzimmer. Dieses besondere Modell ist MOD 355 M\u00f6belkn\u00f6pfe und M\u00f6belgriffe Motorrad Farbe Porzellan ha<\/p>\n","protected":false},"excerpt":{"rendered":"<p>M\u00f6belkn\u00f6pfe und M\u00f6belgriffe aus keramik und Porzellan f\u00fcr Schublade M\u00f6bel kindlich. Die meisten von ihnen sind handbemalt und eignen sich ideal f\u00fcr Kinderzimmer. Dieses besondere Modell ist MOD 355 M\u00f6belkn\u00f6pfe und M\u00f6belgriffe Motorrad Farbe Porzellan ha<\/p>\n","protected":false},"featured_media":408780,"template":"","meta":{"_joinchat":[]},"product_brand":[],"product_cat":[5358,993,5355],"product_tag":[],"class_list":{"0":"post-323554","1":"product","2":"type-product","3":"status-publish","4":"has-post-thumbnail","6":"product_cat-ofertas-de","7":"product_cat-knopfe-kindermobel-baby-schubladen","8":"product_cat-ofertas","9":"pa_color-blau-schrank-knauf-griffe-wandaufhanger-turhaken-mobel-beine","10":"pa_tendencia-kinderschrank-griffe-mobelgriffe-fur-kind","12":"first","13":"instock","14":"sale","15":"taxable","16":"shipping-taxable","17":"purchasable","18":"product-type-variable","19":"has-default-attributes","20":"wvs-archive-product-wrapper"},"_links":{"self":[{"href":"https:\/\/www.pomoline.com\/de\/wp-json\/wp\/v2\/product\/323554","targetHints":{"allow":["GET"]}}],"collection":[{"href":"https:\/\/www.pomoline.com\/de\/wp-json\/wp\/v2\/product"}],"about":[{"href":"https:\/\/www.pomoline.com\/de\/wp-json\/wp\/v2\/types\/product"}],"wp:featuredmedia":[{"embeddable":true,"href":"https:\/\/www.pomoline.com\/de\/wp-json\/wp\/v2\/media\/408780"}],"wp:attachment":[{"href":"https:\/\/www.pomoline.com\/de\/wp-json\/wp\/v2\/media?parent=323554"}],"wp:term":[{"taxonomy":"product_brand","embeddable":true,"href":"https:\/\/www.pomoline.com\/de\/wp-json\/wp\/v2\/product_brand?post=323554"},{"taxonomy":"product_cat","embeddable":true,"href":"https:\/\/www.pomoline.com\/de\/wp-json\/wp\/v2\/product_cat?post=323554"},{"taxonomy":"product_tag","embeddable":true,"href":"https:\/\/www.pomoline.com\/de\/wp-json\/wp\/v2\/product_tag?post=323554"}],"curies":[{"name":"wp","href":"https:\/\/api.w.org\/{rel}","templated":true}]}}