{"id":323562,"date":"2024-04-27T13:23:46","date_gmt":"2024-04-27T11:23:46","guid":{"rendered":"https:\/\/www.pomoline.com\/web-pruebas\/producto\/pomo-porcelana-tulipan-azul-intenso-tirador-mueble-ceramica-artesanal\/"},"modified":"2025-03-13T22:26:22","modified_gmt":"2025-03-13T21:26:22","slug":"knopf-porzellan-tulpe-blau-stark-mobelknopf-mobel-keramik-hausgemacht","status":"publish","type":"product","link":"https:\/\/www.pomoline.com\/de\/produkt\/knopf-porzellan-tulpe-blau-stark-mobelknopf-mobel-keramik-hausgemacht\/","title":{"rendered":"KNOPF PORZELLAN TULPE BLAU STARK M\u00d6BELKNOPF M\u00d6BEL KERAMIK HAUSGEMACHT"},"content":{"rendered":"<p>Klassischer Keramik-M\u00f6belknopf in Form einer Tulpe bemalt in zwei Farben blau und braun, abgerundet, ideal f\u00fcr jedes M\u00f6belst\u00fcck, ideal f\u00fcr K\u00fcche oder Bad, hochwertig und in Europa hergestellt, verleiht Ihren M\u00f6beln eine besondere Note , Enth\u00e4lt die Schrau<\/p>\n","protected":false},"excerpt":{"rendered":"<p>Klassischer Keramik-M\u00f6belknopf in Form einer Tulpe bemalt in zwei Farben blau und braun, abgerundet, ideal f\u00fcr jedes M\u00f6belst\u00fcck, ideal f\u00fcr K\u00fcche oder Bad, hochwertig und in Europa hergestellt, verleiht Ihren M\u00f6beln eine besondere Note , Enth\u00e4lt die Schrau<\/p>\n","protected":false},"featured_media":408772,"template":"","meta":{"_joinchat":[]},"product_brand":[],"product_cat":[5358,993,5355],"product_tag":[],"class_list":{"0":"post-323562","1":"product","2":"type-product","3":"status-publish","4":"has-post-thumbnail","6":"product_cat-ofertas-de","7":"product_cat-knopfe-kindermobel-baby-schubladen","8":"product_cat-ofertas","9":"pa_color-blau-schrank-knauf-griffe-wandaufhanger-turhaken-mobel-beine","10":"pa_color-braun-schrank-griffe-griffe-wandaufhanger-turhaken-mobel-beine","11":"pa_tendencia-klassische-porzellan-knopfe-fur-mobel","13":"first","14":"instock","15":"sale","16":"taxable","17":"shipping-taxable","18":"purchasable","19":"product-type-variable","20":"has-default-attributes","21":"wvs-archive-product-wrapper"},"_links":{"self":[{"href":"https:\/\/www.pomoline.com\/de\/wp-json\/wp\/v2\/product\/323562","targetHints":{"allow":["GET"]}}],"collection":[{"href":"https:\/\/www.pomoline.com\/de\/wp-json\/wp\/v2\/product"}],"about":[{"href":"https:\/\/www.pomoline.com\/de\/wp-json\/wp\/v2\/types\/product"}],"wp:featuredmedia":[{"embeddable":true,"href":"https:\/\/www.pomoline.com\/de\/wp-json\/wp\/v2\/media\/408772"}],"wp:attachment":[{"href":"https:\/\/www.pomoline.com\/de\/wp-json\/wp\/v2\/media?parent=323562"}],"wp:term":[{"taxonomy":"product_brand","embeddable":true,"href":"https:\/\/www.pomoline.com\/de\/wp-json\/wp\/v2\/product_brand?post=323562"},{"taxonomy":"product_cat","embeddable":true,"href":"https:\/\/www.pomoline.com\/de\/wp-json\/wp\/v2\/product_cat?post=323562"},{"taxonomy":"product_tag","embeddable":true,"href":"https:\/\/www.pomoline.com\/de\/wp-json\/wp\/v2\/product_tag?post=323562"}],"curies":[{"name":"wp","href":"https:\/\/api.w.org\/{rel}","templated":true}]}}