{"id":323566,"date":"2024-04-27T13:23:53","date_gmt":"2024-04-27T11:23:53","guid":{"rendered":"https:\/\/www.pomoline.com\/web-pruebas\/producto\/tirador-pomo-de-mueble-flor-azul-porcelana-blanca-bronce-para-cajonera\/"},"modified":"2025-03-13T22:26:07","modified_gmt":"2025-03-13T21:26:07","slug":"mobelknopf-knopf-von-mobel-blume-blau-porzellan-weiss-bronze-fur-schubladenschrank","status":"publish","type":"product","link":"https:\/\/www.pomoline.com\/de\/produkt\/mobelknopf-knopf-von-mobel-blume-blau-porzellan-weiss-bronze-fur-schubladenschrank\/","title":{"rendered":"M\u00d6BELKNOPF KNOPF VON M\u00d6BEL BLUME BLAU PORZELLAN WEISS BRONZE F\u00dcR SCHUBLADENSCHRANK"},"content":{"rendered":"<p>Klassische Porzellan- und Keramikgriffe f\u00fcr rustikale Vintage-M\u00f6bel. Es sind sehr elegante Kn\u00f6pfe f\u00fcr die exklusive Atmosph\u00e4re der Villen. Bei diesem speziellen Modell handelt es sich um den blauen Blumen-M\u00f6belknopfgriff MOD 334 aus wei\u00dfem Porzellanbronze<\/p>\n","protected":false},"excerpt":{"rendered":"<p>Klassische Porzellan- und Keramikgriffe f\u00fcr rustikale Vintage-M\u00f6bel. Es sind sehr elegante Kn\u00f6pfe f\u00fcr die exklusive Atmosph\u00e4re der Villen. Bei diesem speziellen Modell handelt es sich um den blauen Blumen-M\u00f6belknopfgriff MOD 334 aus wei\u00dfem Porzellanbronze<\/p>\n","protected":false},"featured_media":408768,"template":"","meta":{"_joinchat":[]},"product_brand":[],"product_cat":[985,5187],"product_tag":[],"class_list":{"0":"post-323566","1":"product","2":"type-product","3":"status-publish","4":"has-post-thumbnail","6":"product_cat-porzellanknaufe-mobelknaufen","7":"product_cat-mobelgriffe-und-knopfe-fur-schubladen","8":"pa_color-braun-schrank-griffe-griffe-wandaufhanger-turhaken-mobel-beine","9":"pa_distancia-agujeros-tornillos-tiradores-128-mm-entre-centros-de-tornillos-cajon-puerta-mueble-de","10":"pa_tendencia-klassische-porzellan-knopfe-fur-mobel","12":"first","13":"outofstock","14":"taxable","15":"shipping-taxable","16":"purchasable","17":"product-type-variable","18":"has-default-attributes","19":"wvs-archive-product-wrapper"},"_links":{"self":[{"href":"https:\/\/www.pomoline.com\/de\/wp-json\/wp\/v2\/product\/323566","targetHints":{"allow":["GET"]}}],"collection":[{"href":"https:\/\/www.pomoline.com\/de\/wp-json\/wp\/v2\/product"}],"about":[{"href":"https:\/\/www.pomoline.com\/de\/wp-json\/wp\/v2\/types\/product"}],"wp:featuredmedia":[{"embeddable":true,"href":"https:\/\/www.pomoline.com\/de\/wp-json\/wp\/v2\/media\/408768"}],"wp:attachment":[{"href":"https:\/\/www.pomoline.com\/de\/wp-json\/wp\/v2\/media?parent=323566"}],"wp:term":[{"taxonomy":"product_brand","embeddable":true,"href":"https:\/\/www.pomoline.com\/de\/wp-json\/wp\/v2\/product_brand?post=323566"},{"taxonomy":"product_cat","embeddable":true,"href":"https:\/\/www.pomoline.com\/de\/wp-json\/wp\/v2\/product_cat?post=323566"},{"taxonomy":"product_tag","embeddable":true,"href":"https:\/\/www.pomoline.com\/de\/wp-json\/wp\/v2\/product_tag?post=323566"}],"curies":[{"name":"wp","href":"https:\/\/api.w.org\/{rel}","templated":true}]}}