{"id":323578,"date":"2024-04-27T13:24:08","date_gmt":"2024-04-27T11:24:08","guid":{"rendered":"https:\/\/www.pomoline.com\/web-pruebas\/producto\/tirador-mueble-flor-azul-porcelana-pintada-a-mano-para-cajonera\/"},"modified":"2025-03-13T22:25:14","modified_gmt":"2025-03-13T21:25:14","slug":"mobelknopf-mobel-blume-blau-porzellan-handbemalte-fur-schubladenschrank","status":"publish","type":"product","link":"https:\/\/www.pomoline.com\/de\/produkt\/mobelknopf-mobel-blume-blau-porzellan-handbemalte-fur-schubladenschrank\/","title":{"rendered":"M\u00d6BELKNOPF M\u00d6BEL BLUME BLAU PORZELLAN HANDBEMALTE F\u00dcR SCHUBLADENSCHRANK"},"content":{"rendered":"<p>Tiradores de porcelana y ceramica clasica para muebles rusticos vintage. Son pomos muy elegantes para ese ambiente exclusivo de las villas. Este modelo en concreto es el MOD 331 tirador mueble flor azul porcelana pintada a mano para cajonera<\/p>\n","protected":false},"excerpt":{"rendered":"<p>Tiradores de porcelana y ceramica clasica para muebles rusticos vintage. Son pomos muy elegantes para ese ambiente exclusivo de las villas. Este modelo en concreto es el MOD 331 tirador mueble flor azul porcelana pintada a mano para cajonera<\/p>\n","protected":false},"featured_media":408756,"template":"","meta":{"_joinchat":[]},"product_brand":[],"product_cat":[985,5187],"product_tag":[],"class_list":{"0":"post-323578","1":"product","2":"type-product","3":"status-publish","4":"has-post-thumbnail","6":"product_cat-porzellanknaufe-mobelknaufen","7":"product_cat-mobelgriffe-und-knopfe-fur-schubladen","8":"pa_color-blau-schrank-knauf-griffe-wandaufhanger-turhaken-mobel-beine","9":"pa_color-braun-schrank-griffe-griffe-wandaufhanger-turhaken-mobel-beine","10":"pa_tendencia-klassische-porzellan-knopfe-fur-mobel","12":"first","13":"instock","14":"taxable","15":"shipping-taxable","16":"purchasable","17":"product-type-variable","18":"has-default-attributes","19":"wvs-archive-product-wrapper"},"_links":{"self":[{"href":"https:\/\/www.pomoline.com\/de\/wp-json\/wp\/v2\/product\/323578","targetHints":{"allow":["GET"]}}],"collection":[{"href":"https:\/\/www.pomoline.com\/de\/wp-json\/wp\/v2\/product"}],"about":[{"href":"https:\/\/www.pomoline.com\/de\/wp-json\/wp\/v2\/types\/product"}],"wp:featuredmedia":[{"embeddable":true,"href":"https:\/\/www.pomoline.com\/de\/wp-json\/wp\/v2\/media\/408756"}],"wp:attachment":[{"href":"https:\/\/www.pomoline.com\/de\/wp-json\/wp\/v2\/media?parent=323578"}],"wp:term":[{"taxonomy":"product_brand","embeddable":true,"href":"https:\/\/www.pomoline.com\/de\/wp-json\/wp\/v2\/product_brand?post=323578"},{"taxonomy":"product_cat","embeddable":true,"href":"https:\/\/www.pomoline.com\/de\/wp-json\/wp\/v2\/product_cat?post=323578"},{"taxonomy":"product_tag","embeddable":true,"href":"https:\/\/www.pomoline.com\/de\/wp-json\/wp\/v2\/product_tag?post=323578"}],"curies":[{"name":"wp","href":"https:\/\/api.w.org\/{rel}","templated":true}]}}