{"id":323582,"date":"2024-04-27T13:24:13","date_gmt":"2024-04-27T11:24:13","guid":{"rendered":"https:\/\/www.pomoline.com\/web-pruebas\/producto\/tirador-pomo-de-mueble-porcelana-crema-laton-para-cajonera-y-armario\/"},"modified":"2025-03-13T22:24:59","modified_gmt":"2025-03-13T21:24:59","slug":"mobelknopf-knopf-von-mobel-porzellan-cremefarben-messing-fur-schubladenschrank-und-schrank","status":"publish","type":"product","link":"https:\/\/www.pomoline.com\/de\/produkt\/mobelknopf-knopf-von-mobel-porzellan-cremefarben-messing-fur-schubladenschrank-und-schrank\/","title":{"rendered":"M\u00d6BELKNOPF KNOPF VON M\u00d6BEL PORZELLAN CREMEFARBEN MESSING F\u00dcR SCHUBLADENSCHRANK UND SCHRANK"},"content":{"rendered":"<p>Porzellan und klassische Keramikgriffe f\u00fcr rustikale vintage M\u00f6bel. Sie sind sehr elegante Kn\u00f6pfe f\u00fcr die exklusive Atmosph\u00e4re der Villen. Dieses besondere Modell ist MOD 330 Griff M\u00f6belknopf Porzellan cremefarben Messing f\u00fcr Schubladenschrank und Schra<\/p>\n","protected":false},"excerpt":{"rendered":"<p>Porzellan und klassische Keramikgriffe f\u00fcr rustikale vintage M\u00f6bel. Sie sind sehr elegante Kn\u00f6pfe f\u00fcr die exklusive Atmosph\u00e4re der Villen. Dieses besondere Modell ist MOD 330 Griff M\u00f6belknopf Porzellan cremefarben Messing f\u00fcr Schubladenschrank und Schra<\/p>\n","protected":false},"featured_media":408752,"template":"","meta":{"_joinchat":[]},"product_brand":[],"product_cat":[985,5187],"product_tag":[],"class_list":{"0":"post-323582","1":"product","2":"type-product","3":"status-publish","4":"has-post-thumbnail","6":"product_cat-porzellanknaufe-mobelknaufen","7":"product_cat-mobelgriffe-und-knopfe-fur-schubladen","8":"pa_color-blau-schrank-knauf-griffe-wandaufhanger-turhaken-mobel-beine","9":"pa_color-braun-schrank-griffe-griffe-wandaufhanger-turhaken-mobel-beine","10":"pa_color-creme-schrank-knauf-griffe-wandaufhanger-turhaken-mobel-beine","11":"pa_tendencia-klassische-porzellan-knopfe-fur-mobel","13":"first","14":"instock","15":"taxable","16":"shipping-taxable","17":"purchasable","18":"product-type-variable","19":"has-default-attributes","20":"wvs-archive-product-wrapper"},"_links":{"self":[{"href":"https:\/\/www.pomoline.com\/de\/wp-json\/wp\/v2\/product\/323582","targetHints":{"allow":["GET"]}}],"collection":[{"href":"https:\/\/www.pomoline.com\/de\/wp-json\/wp\/v2\/product"}],"about":[{"href":"https:\/\/www.pomoline.com\/de\/wp-json\/wp\/v2\/types\/product"}],"wp:featuredmedia":[{"embeddable":true,"href":"https:\/\/www.pomoline.com\/de\/wp-json\/wp\/v2\/media\/408752"}],"wp:attachment":[{"href":"https:\/\/www.pomoline.com\/de\/wp-json\/wp\/v2\/media?parent=323582"}],"wp:term":[{"taxonomy":"product_brand","embeddable":true,"href":"https:\/\/www.pomoline.com\/de\/wp-json\/wp\/v2\/product_brand?post=323582"},{"taxonomy":"product_cat","embeddable":true,"href":"https:\/\/www.pomoline.com\/de\/wp-json\/wp\/v2\/product_cat?post=323582"},{"taxonomy":"product_tag","embeddable":true,"href":"https:\/\/www.pomoline.com\/de\/wp-json\/wp\/v2\/product_tag?post=323582"}],"curies":[{"name":"wp","href":"https:\/\/api.w.org\/{rel}","templated":true}]}}