{"id":323586,"date":"2024-04-27T13:24:20","date_gmt":"2024-04-27T11:24:20","guid":{"rendered":"https:\/\/www.pomoline.com\/web-pruebas\/producto\/tirador-mueble-pelota-balon-baloncesto-basket\/"},"modified":"2025-03-13T22:24:41","modified_gmt":"2025-03-13T21:24:41","slug":"mobelknopf-mobel-ball-basketball-ball-basket","status":"publish","type":"product","link":"https:\/\/www.pomoline.com\/de\/produkt\/mobelknopf-mobel-ball-basketball-ball-basket\/","title":{"rendered":"M\u00d6BELKNOPF M\u00d6BEL BALL BASKETBALL BALL BASKET"},"content":{"rendered":"<p>M\u00f6belkn\u00f6pfe und M\u00f6belgriffe aus keramik und Porzellan f\u00fcr Schublade M\u00f6bel kindlich. Die meisten von ihnen sind handbemalt und eignen sich ideal f\u00fcr Kinderzimmer. Dieses besondere Modell ist MOD 329 M\u00f6belgriff M\u00f6bel Ball Basketball basket<\/p>\n","protected":false},"excerpt":{"rendered":"<p>M\u00f6belkn\u00f6pfe und M\u00f6belgriffe aus keramik und Porzellan f\u00fcr Schublade M\u00f6bel kindlich. Die meisten von ihnen sind handbemalt und eignen sich ideal f\u00fcr Kinderzimmer. Dieses besondere Modell ist MOD 329 M\u00f6belgriff M\u00f6bel Ball Basketball basket<\/p>\n","protected":false},"featured_media":408748,"template":"","meta":{"_joinchat":[]},"product_brand":[],"product_cat":[5358,993,5355],"product_tag":[],"class_list":{"0":"post-323586","1":"product","2":"type-product","3":"status-publish","4":"has-post-thumbnail","6":"product_cat-ofertas-de","7":"product_cat-knopfe-kindermobel-baby-schubladen","8":"product_cat-ofertas","9":"pa_color-blau-schrank-knauf-griffe-wandaufhanger-turhaken-mobel-beine","10":"pa_tendencia-kinderschrank-griffe-mobelgriffe-fur-kind","12":"first","13":"instock","14":"sale","15":"taxable","16":"shipping-taxable","17":"purchasable","18":"product-type-variable","19":"has-default-attributes","20":"wvs-archive-product-wrapper"},"_links":{"self":[{"href":"https:\/\/www.pomoline.com\/de\/wp-json\/wp\/v2\/product\/323586","targetHints":{"allow":["GET"]}}],"collection":[{"href":"https:\/\/www.pomoline.com\/de\/wp-json\/wp\/v2\/product"}],"about":[{"href":"https:\/\/www.pomoline.com\/de\/wp-json\/wp\/v2\/types\/product"}],"wp:featuredmedia":[{"embeddable":true,"href":"https:\/\/www.pomoline.com\/de\/wp-json\/wp\/v2\/media\/408748"}],"wp:attachment":[{"href":"https:\/\/www.pomoline.com\/de\/wp-json\/wp\/v2\/media?parent=323586"}],"wp:term":[{"taxonomy":"product_brand","embeddable":true,"href":"https:\/\/www.pomoline.com\/de\/wp-json\/wp\/v2\/product_brand?post=323586"},{"taxonomy":"product_cat","embeddable":true,"href":"https:\/\/www.pomoline.com\/de\/wp-json\/wp\/v2\/product_cat?post=323586"},{"taxonomy":"product_tag","embeddable":true,"href":"https:\/\/www.pomoline.com\/de\/wp-json\/wp\/v2\/product_tag?post=323586"}],"curies":[{"name":"wp","href":"https:\/\/api.w.org\/{rel}","templated":true}]}}