{"id":323590,"date":"2024-04-27T13:24:24","date_gmt":"2024-04-27T11:24:24","guid":{"rendered":"https:\/\/www.pomoline.com\/web-pruebas\/producto\/tirador-mueble-pelota-balon-futbol\/"},"modified":"2025-03-13T22:24:25","modified_gmt":"2025-03-13T21:24:25","slug":"mobelknopf-mobel-ball-fussball-ball","status":"publish","type":"product","link":"https:\/\/www.pomoline.com\/de\/produkt\/mobelknopf-mobel-ball-fussball-ball\/","title":{"rendered":"M\u00d6BELKNOPF M\u00d6BEL BALL FUSSBALL BALL"},"content":{"rendered":"<p>M\u00f6belkn\u00f6pfe und M\u00f6belgriffe aus keramik und Porzellan f\u00fcr Schublade M\u00f6bel kindlich. Die meisten von ihnen sind handbemalt und eignen sich ideal f\u00fcr Kinderzimmer. Dieses besondere Modell ist MOD 328 M\u00f6belgriff M\u00f6bel Ball Fu\u00dfball<\/p>\n","protected":false},"excerpt":{"rendered":"<p>M\u00f6belkn\u00f6pfe und M\u00f6belgriffe aus keramik und Porzellan f\u00fcr Schublade M\u00f6bel kindlich. Die meisten von ihnen sind handbemalt und eignen sich ideal f\u00fcr Kinderzimmer. Dieses besondere Modell ist MOD 328 M\u00f6belgriff M\u00f6bel Ball Fu\u00dfball<\/p>\n","protected":false},"featured_media":0,"template":"","meta":{"_joinchat":[]},"product_brand":[],"product_cat":[993],"product_tag":[],"class_list":{"0":"post-323590","1":"product","2":"type-product","3":"status-publish","5":"product_cat-knopfe-kindermobel-baby-schubladen","6":"pa_color-schwarz-schrank-griffe-griffe-wandaufhanger-turhaken-mobelbeine","7":"pa_tendencia-kinderschrank-griffe-mobelgriffe-fur-kind","9":"first","10":"outofstock","11":"taxable","12":"shipping-taxable","13":"purchasable","14":"product-type-variable","15":"has-default-attributes","16":"wvs-archive-product-wrapper"},"_links":{"self":[{"href":"https:\/\/www.pomoline.com\/de\/wp-json\/wp\/v2\/product\/323590","targetHints":{"allow":["GET"]}}],"collection":[{"href":"https:\/\/www.pomoline.com\/de\/wp-json\/wp\/v2\/product"}],"about":[{"href":"https:\/\/www.pomoline.com\/de\/wp-json\/wp\/v2\/types\/product"}],"wp:attachment":[{"href":"https:\/\/www.pomoline.com\/de\/wp-json\/wp\/v2\/media?parent=323590"}],"wp:term":[{"taxonomy":"product_brand","embeddable":true,"href":"https:\/\/www.pomoline.com\/de\/wp-json\/wp\/v2\/product_brand?post=323590"},{"taxonomy":"product_cat","embeddable":true,"href":"https:\/\/www.pomoline.com\/de\/wp-json\/wp\/v2\/product_cat?post=323590"},{"taxonomy":"product_tag","embeddable":true,"href":"https:\/\/www.pomoline.com\/de\/wp-json\/wp\/v2\/product_tag?post=323590"}],"curies":[{"name":"wp","href":"https:\/\/api.w.org\/{rel}","templated":true}]}}