{"id":323594,"date":"2024-04-27T13:24:29","date_gmt":"2024-04-27T11:24:29","guid":{"rendered":"https:\/\/www.pomoline.com\/web-pruebas\/producto\/pomo-caracol-azul-porcelana-para-cajones-mueble\/"},"modified":"2025-03-13T22:24:07","modified_gmt":"2025-03-13T21:24:07","slug":"knopfechnecke-blau-porzellan-fur-schubladen-mobel","status":"publish","type":"product","link":"https:\/\/www.pomoline.com\/de\/produkt\/knopfechnecke-blau-porzellan-fur-schubladen-mobel\/","title":{"rendered":"KN\u00d6PFECHNECKE BLAU PORZELLAN F\u00dcR SCHUBLADEN M\u00d6BEL"},"content":{"rendered":"<p>Wundersch\u00f6ner Keramik-M\u00f6belknopf in intensiver blauer Farbe, ideal f\u00fcr Badezimmer- oder Esszimmerschr\u00e4nke, auch wenn Sie Ihre K\u00fcche personalisieren m\u00f6chten, hochwertig und in Europa hergestellt, verleiht er Ihren M\u00f6beln eine besondere Note, inklusive 2,5-<\/p>\n","protected":false},"excerpt":{"rendered":"<p>Wundersch\u00f6ner Keramik-M\u00f6belknopf in intensiver blauer Farbe, ideal f\u00fcr Badezimmer- oder Esszimmerschr\u00e4nke, auch wenn Sie Ihre K\u00fcche personalisieren m\u00f6chten, hochwertig und in Europa hergestellt, verleiht er Ihren M\u00f6beln eine besondere Note, inklusive 2,5-<\/p>\n","protected":false},"featured_media":408740,"template":"","meta":{"_joinchat":[]},"product_brand":[],"product_cat":[985,5187],"product_tag":[],"class_list":{"0":"post-323594","1":"product","2":"type-product","3":"status-publish","4":"has-post-thumbnail","6":"product_cat-porzellanknaufe-mobelknaufen","7":"product_cat-mobelgriffe-und-knopfe-fur-schubladen","8":"pa_color-blau-schrank-knauf-griffe-wandaufhanger-turhaken-mobel-beine","9":"pa_tendencia-klassische-porzellan-knopfe-fur-mobel","11":"first","12":"instock","13":"taxable","14":"shipping-taxable","15":"purchasable","16":"product-type-variable","17":"has-default-attributes","18":"wvs-archive-product-wrapper"},"_links":{"self":[{"href":"https:\/\/www.pomoline.com\/de\/wp-json\/wp\/v2\/product\/323594","targetHints":{"allow":["GET"]}}],"collection":[{"href":"https:\/\/www.pomoline.com\/de\/wp-json\/wp\/v2\/product"}],"about":[{"href":"https:\/\/www.pomoline.com\/de\/wp-json\/wp\/v2\/types\/product"}],"wp:featuredmedia":[{"embeddable":true,"href":"https:\/\/www.pomoline.com\/de\/wp-json\/wp\/v2\/media\/408740"}],"wp:attachment":[{"href":"https:\/\/www.pomoline.com\/de\/wp-json\/wp\/v2\/media?parent=323594"}],"wp:term":[{"taxonomy":"product_brand","embeddable":true,"href":"https:\/\/www.pomoline.com\/de\/wp-json\/wp\/v2\/product_brand?post=323594"},{"taxonomy":"product_cat","embeddable":true,"href":"https:\/\/www.pomoline.com\/de\/wp-json\/wp\/v2\/product_cat?post=323594"},{"taxonomy":"product_tag","embeddable":true,"href":"https:\/\/www.pomoline.com\/de\/wp-json\/wp\/v2\/product_tag?post=323594"}],"curies":[{"name":"wp","href":"https:\/\/api.w.org\/{rel}","templated":true}]}}