{"id":323614,"date":"2024-04-27T13:24:58","date_gmt":"2024-04-27T11:24:58","guid":{"rendered":"https:\/\/www.pomoline.com\/web-pruebas\/producto\/pomo-de-bronce-patina-blanca-tiradores-vintage-mueble-desgastado\/"},"modified":"2025-03-13T22:22:44","modified_gmt":"2025-03-13T21:22:44","slug":"knopf-aus-bronze-patina-weiss-mobelknopfe-vintage-mobel-verschlissen","status":"publish","type":"product","link":"https:\/\/www.pomoline.com\/de\/produkt\/knopf-aus-bronze-patina-weiss-mobelknopfe-vintage-mobel-verschlissen\/","title":{"rendered":"KNOPF AUS BRONZE PATINA WEISS | M\u00d6BELKN\u00d6PFE VINTAGE M\u00d6BEL VERSCHLISSEN"},"content":{"rendered":"<p>M\u00f6belknauf im edlen Vintage-Stil in verschiedenen Ausf\u00fchrungen: Inkagold, Altmessing, schwarz lackiert mit wei\u00dfer Patina, &#8230; sie sind sehr originell in Ihren M\u00f6beln und verleihen ihnen einen Retro-Stil. Es hat einen Durchmesser von 34 mm, es wird mit den<\/p>\n","protected":false},"excerpt":{"rendered":"<p>M\u00f6belknauf im edlen Vintage-Stil in verschiedenen Ausf\u00fchrungen: Inkagold, Altmessing, schwarz lackiert mit wei\u00dfer Patina, &#8230; sie sind sehr originell in Ihren M\u00f6beln und verleihen ihnen einen Retro-Stil. Es hat einen Durchmesser von 34 mm, es wird mit den<\/p>\n","protected":false},"featured_media":408720,"template":"","meta":{"_joinchat":[]},"product_brand":[],"product_cat":[5187,977],"product_tag":[],"class_list":{"0":"post-323614","1":"product","2":"type-product","3":"status-publish","4":"has-post-thumbnail","6":"product_cat-mobelgriffe-und-knopfe-fur-schubladen","7":"product_cat-mobelknopfe-griffe-vintage-shabby-chic-klassische-provence-schublade","8":"pa_color-schwarz-schrank-griffe-griffe-wandaufhanger-turhaken-mobelbeine","9":"pa_color-alte-messing-schrankknopfe-griffe-wandaufhanger-turhaken-mobelbeine","10":"pa_color-alte-silberne-schrankgriffe-griffe-wandaufhanger-turhaken-mobelbeine","11":"pa_color-inca-gold-matt-schrankknopfe-griffe-wandhaken-turhaken-mobelbeine","12":"pa_color-schwarz-weiss-patina-schrank-knauf-griffe-wandhaken-tur-haken-mobelbeine","13":"pa_color-gold-weiss-patina-schrank-knauf-griffe-wandhaken-tur-haken-mobel-beine","14":"pa_color-weis-patina-silber-schrankknopfe-griffe-wandhaken-turhaken-mobelbeine","15":"pa_tendencia-schrank-knopfe-und-griffe-klassische-mobel","16":"pa_tendencia-vintage-griffe-knopfe-fur-mobel","17":"pa_tendencia-ringgriff-schublade-mobel-klassisch","18":"pa_tendencia-shabby-chic-schrank-knopfe-griffe","20":"first","21":"instock","22":"taxable","23":"shipping-taxable","24":"purchasable","25":"product-type-variable","26":"has-default-attributes","27":"wvs-archive-product-wrapper"},"_links":{"self":[{"href":"https:\/\/www.pomoline.com\/de\/wp-json\/wp\/v2\/product\/323614","targetHints":{"allow":["GET"]}}],"collection":[{"href":"https:\/\/www.pomoline.com\/de\/wp-json\/wp\/v2\/product"}],"about":[{"href":"https:\/\/www.pomoline.com\/de\/wp-json\/wp\/v2\/types\/product"}],"wp:featuredmedia":[{"embeddable":true,"href":"https:\/\/www.pomoline.com\/de\/wp-json\/wp\/v2\/media\/408720"}],"wp:attachment":[{"href":"https:\/\/www.pomoline.com\/de\/wp-json\/wp\/v2\/media?parent=323614"}],"wp:term":[{"taxonomy":"product_brand","embeddable":true,"href":"https:\/\/www.pomoline.com\/de\/wp-json\/wp\/v2\/product_brand?post=323614"},{"taxonomy":"product_cat","embeddable":true,"href":"https:\/\/www.pomoline.com\/de\/wp-json\/wp\/v2\/product_cat?post=323614"},{"taxonomy":"product_tag","embeddable":true,"href":"https:\/\/www.pomoline.com\/de\/wp-json\/wp\/v2\/product_tag?post=323614"}],"curies":[{"name":"wp","href":"https:\/\/api.w.org\/{rel}","templated":true}]}}