{"id":323618,"date":"2024-04-27T13:25:03","date_gmt":"2024-04-27T11:25:03","guid":{"rendered":"https:\/\/www.pomoline.com\/web-pruebas\/producto\/tirador-asa-laton-viejo-cajon-mueble-clasico-ap162\/"},"modified":"2025-03-13T22:22:26","modified_gmt":"2025-03-13T21:22:26","slug":"mobelknopf-griff-messing-alt-schublade-mobel-klassisch-ap162","status":"publish","type":"product","link":"https:\/\/www.pomoline.com\/de\/produkt\/mobelknopf-griff-messing-alt-schublade-mobel-klassisch-ap162\/","title":{"rendered":"M\u00d6BELKNOPF GRIFF MESSING ALT SCHUBLADE M\u00d6BEL KLASSISCH AP162"},"content":{"rendered":"<p>Toller klassischer M\u00f6belgriff aus Metall mit Altmessing-Finish, perfekt f\u00fcr Ihre M\u00f6bel, sie verleihen ihnen einen eigenen Stil, der zeitlos und sehr langlebig ist. Es gibt drei Varianten, eine davon mit Henkel, eine mit Ring und die letzte mit festem Ring<\/p>\n","protected":false},"excerpt":{"rendered":"<p>Toller klassischer M\u00f6belgriff aus Metall mit Altmessing-Finish, perfekt f\u00fcr Ihre M\u00f6bel, sie verleihen ihnen einen eigenen Stil, der zeitlos und sehr langlebig ist. Es gibt drei Varianten, eine davon mit Henkel, eine mit Ring und die letzte mit festem Ring<\/p>\n","protected":false},"featured_media":408716,"template":"","meta":{"_joinchat":[]},"product_brand":[],"product_cat":[5187,977],"product_tag":[],"class_list":{"0":"post-323618","1":"product","2":"type-product","3":"status-publish","4":"has-post-thumbnail","6":"product_cat-mobelgriffe-und-knopfe-fur-schubladen","7":"product_cat-mobelknopfe-griffe-vintage-shabby-chic-klassische-provence-schublade","8":"pa_color-schwarz-schrank-griffe-griffe-wandaufhanger-turhaken-mobelbeine","9":"pa_color-alte-messing-schrankknopfe-griffe-wandaufhanger-turhaken-mobelbeine","10":"pa_color-inca-gold-matt-schrankknopfe-griffe-wandhaken-turhaken-mobelbeine","11":"pa_color-schwarz-weiss-patina-schrank-knauf-griffe-wandhaken-tur-haken-mobelbeine","12":"pa_tendencia-rustikal-mobel-griffe-knaufe","13":"pa_tendencia-shabby-chic-schrank-knopfe-griffe","14":"pa_tendencia-griff-schublade-zug-klassische-mobel","16":"first","17":"instock","18":"taxable","19":"shipping-taxable","20":"purchasable","21":"product-type-variable","22":"has-default-attributes","23":"wvs-archive-product-wrapper"},"_links":{"self":[{"href":"https:\/\/www.pomoline.com\/de\/wp-json\/wp\/v2\/product\/323618","targetHints":{"allow":["GET"]}}],"collection":[{"href":"https:\/\/www.pomoline.com\/de\/wp-json\/wp\/v2\/product"}],"about":[{"href":"https:\/\/www.pomoline.com\/de\/wp-json\/wp\/v2\/types\/product"}],"wp:featuredmedia":[{"embeddable":true,"href":"https:\/\/www.pomoline.com\/de\/wp-json\/wp\/v2\/media\/408716"}],"wp:attachment":[{"href":"https:\/\/www.pomoline.com\/de\/wp-json\/wp\/v2\/media?parent=323618"}],"wp:term":[{"taxonomy":"product_brand","embeddable":true,"href":"https:\/\/www.pomoline.com\/de\/wp-json\/wp\/v2\/product_brand?post=323618"},{"taxonomy":"product_cat","embeddable":true,"href":"https:\/\/www.pomoline.com\/de\/wp-json\/wp\/v2\/product_cat?post=323618"},{"taxonomy":"product_tag","embeddable":true,"href":"https:\/\/www.pomoline.com\/de\/wp-json\/wp\/v2\/product_tag?post=323618"}],"curies":[{"name":"wp","href":"https:\/\/api.w.org\/{rel}","templated":true}]}}