{"id":323622,"date":"2024-04-27T13:25:08","date_gmt":"2024-04-27T11:25:08","guid":{"rendered":"https:\/\/www.pomoline.com\/web-pruebas\/producto\/tirador-pendulo-laton-viejo-cajon-mueble-clasico-ap154\/"},"modified":"2025-03-13T22:22:08","modified_gmt":"2025-03-13T21:22:08","slug":"mobelknopf-pendel-messing-alt-schublade-mobel-klassisch-ap154","status":"publish","type":"product","link":"https:\/\/www.pomoline.com\/de\/produkt\/mobelknopf-pendel-messing-alt-schublade-mobel-klassisch-ap154\/","title":{"rendered":"M\u00d6BELKNOPF PENDEL MESSING ALT SCHUBLADE M\u00d6BEL KLASSISCH AP154"},"content":{"rendered":"<p>M\u00f6belgriffe und M\u00f6belkn\u00f6pfe f\u00fcr M\u00f6bel im klassischen, Retro, Vintage Stil zur Montage an Schubladen und T\u00fcren. Dieses besondere Modell ist MOD 295 M\u00f6belgriff Pendel aus Altmessing Schublade klassische M\u00f6bel ap154<\/p>\n","protected":false},"excerpt":{"rendered":"<p>M\u00f6belgriffe und M\u00f6belkn\u00f6pfe f\u00fcr M\u00f6bel im klassischen, Retro, Vintage Stil zur Montage an Schubladen und T\u00fcren. Dieses besondere Modell ist MOD 295 M\u00f6belgriff Pendel aus Altmessing Schublade klassische M\u00f6bel ap154<\/p>\n","protected":false},"featured_media":408712,"template":"","meta":{"_joinchat":[]},"product_brand":[],"product_cat":[5187,977],"product_tag":[],"class_list":{"0":"post-323622","1":"product","2":"type-product","3":"status-publish","4":"has-post-thumbnail","6":"product_cat-mobelgriffe-und-knopfe-fur-schubladen","7":"product_cat-mobelknopfe-griffe-vintage-shabby-chic-klassische-provence-schublade","8":"pa_color-kupfer-schrank-griffe-griffe-wandaufhanger-turhaken-mobel-beine","9":"pa_color-alte-messing-schrankknopfe-griffe-wandaufhanger-turhaken-mobelbeine","10":"pa_color-inca-gold-matt-schrankknopfe-griffe-wandhaken-turhaken-mobelbeine","11":"pa_color-schwarz-weiss-patina-schrank-knauf-griffe-wandhaken-tur-haken-mobelbeine","12":"pa_tendencia-vintage-griffe-knopfe-fur-mobel","13":"pa_tendencia-shabby-chic-schrank-knopfe-griffe","14":"pa_tendencia-griff-schublade-zug-klassische-mobel","16":"first","17":"instock","18":"taxable","19":"shipping-taxable","20":"purchasable","21":"product-type-variable","22":"has-default-attributes","23":"wvs-archive-product-wrapper"},"_links":{"self":[{"href":"https:\/\/www.pomoline.com\/de\/wp-json\/wp\/v2\/product\/323622","targetHints":{"allow":["GET"]}}],"collection":[{"href":"https:\/\/www.pomoline.com\/de\/wp-json\/wp\/v2\/product"}],"about":[{"href":"https:\/\/www.pomoline.com\/de\/wp-json\/wp\/v2\/types\/product"}],"wp:featuredmedia":[{"embeddable":true,"href":"https:\/\/www.pomoline.com\/de\/wp-json\/wp\/v2\/media\/408712"}],"wp:attachment":[{"href":"https:\/\/www.pomoline.com\/de\/wp-json\/wp\/v2\/media?parent=323622"}],"wp:term":[{"taxonomy":"product_brand","embeddable":true,"href":"https:\/\/www.pomoline.com\/de\/wp-json\/wp\/v2\/product_brand?post=323622"},{"taxonomy":"product_cat","embeddable":true,"href":"https:\/\/www.pomoline.com\/de\/wp-json\/wp\/v2\/product_cat?post=323622"},{"taxonomy":"product_tag","embeddable":true,"href":"https:\/\/www.pomoline.com\/de\/wp-json\/wp\/v2\/product_tag?post=323622"}],"curies":[{"name":"wp","href":"https:\/\/api.w.org\/{rel}","templated":true}]}}