{"id":323626,"date":"2024-04-27T13:25:13","date_gmt":"2024-04-27T11:25:13","guid":{"rendered":"https:\/\/www.pomoline.com\/web-pruebas\/producto\/tirador-pendulo-laton-viejo-cajon-mueble-clasico-ap150\/"},"modified":"2025-03-13T22:21:50","modified_gmt":"2025-03-13T21:21:50","slug":"mobelknopf-pendel-messing-alt-schublade-mobel-klassisch-ap150","status":"publish","type":"product","link":"https:\/\/www.pomoline.com\/de\/produkt\/mobelknopf-pendel-messing-alt-schublade-mobel-klassisch-ap150\/","title":{"rendered":"M\u00d6BELKNOPF PENDEL MESSING ALT SCHUBLADE M\u00d6BEL KLASSISCH AP150"},"content":{"rendered":"<p>M\u00f6belgriffe und M\u00f6belkn\u00f6pfe f\u00fcr M\u00f6bel im klassischen, Retro, Vintage Stil zur Montage an Schubladen und T\u00fcren. Dieses besondere Modell ist MOD 294 M\u00f6belgriff Pendel aus Altmessing Schublade klassische M\u00f6bel ap150<\/p>\n","protected":false},"excerpt":{"rendered":"<p>M\u00f6belgriffe und M\u00f6belkn\u00f6pfe f\u00fcr M\u00f6bel im klassischen, Retro, Vintage Stil zur Montage an Schubladen und T\u00fcren. Dieses besondere Modell ist MOD 294 M\u00f6belgriff Pendel aus Altmessing Schublade klassische M\u00f6bel ap150<\/p>\n","protected":false},"featured_media":408708,"template":"","meta":{"_joinchat":[]},"product_brand":[],"product_cat":[5187,977],"product_tag":[],"class_list":{"0":"post-323626","1":"product","2":"type-product","3":"status-publish","4":"has-post-thumbnail","6":"product_cat-mobelgriffe-und-knopfe-fur-schubladen","7":"product_cat-mobelknopfe-griffe-vintage-shabby-chic-klassische-provence-schublade","8":"pa_color-kupfer-schrank-griffe-griffe-wandaufhanger-turhaken-mobel-beine","9":"pa_color-alte-messing-schrankknopfe-griffe-wandaufhanger-turhaken-mobelbeine","10":"pa_color-inca-gold-matt-schrankknopfe-griffe-wandhaken-turhaken-mobelbeine","11":"pa_color-schwarz-weiss-patina-schrank-knauf-griffe-wandhaken-tur-haken-mobelbeine","12":"pa_tendencia-vintage-griffe-knopfe-fur-mobel","13":"pa_tendencia-shabby-chic-schrank-knopfe-griffe","14":"pa_tendencia-griff-schublade-zug-klassische-mobel","16":"first","17":"instock","18":"taxable","19":"shipping-taxable","20":"purchasable","21":"product-type-variable","22":"has-default-attributes","23":"wvs-archive-product-wrapper"},"_links":{"self":[{"href":"https:\/\/www.pomoline.com\/de\/wp-json\/wp\/v2\/product\/323626","targetHints":{"allow":["GET"]}}],"collection":[{"href":"https:\/\/www.pomoline.com\/de\/wp-json\/wp\/v2\/product"}],"about":[{"href":"https:\/\/www.pomoline.com\/de\/wp-json\/wp\/v2\/types\/product"}],"wp:featuredmedia":[{"embeddable":true,"href":"https:\/\/www.pomoline.com\/de\/wp-json\/wp\/v2\/media\/408708"}],"wp:attachment":[{"href":"https:\/\/www.pomoline.com\/de\/wp-json\/wp\/v2\/media?parent=323626"}],"wp:term":[{"taxonomy":"product_brand","embeddable":true,"href":"https:\/\/www.pomoline.com\/de\/wp-json\/wp\/v2\/product_brand?post=323626"},{"taxonomy":"product_cat","embeddable":true,"href":"https:\/\/www.pomoline.com\/de\/wp-json\/wp\/v2\/product_cat?post=323626"},{"taxonomy":"product_tag","embeddable":true,"href":"https:\/\/www.pomoline.com\/de\/wp-json\/wp\/v2\/product_tag?post=323626"}],"curies":[{"name":"wp","href":"https:\/\/api.w.org\/{rel}","templated":true}]}}