{"id":323650,"date":"2024-04-27T13:25:54","date_gmt":"2024-04-27T11:25:54","guid":{"rendered":"https:\/\/www.pomoline.com\/web-pruebas\/producto\/tirador-asa-de-mueble-acabado-bronce-envejecido-para-cajonera-64mm\/"},"modified":"2025-03-13T22:20:09","modified_gmt":"2025-03-13T21:20:09","slug":"mobelknopf-mobelgriff-finish-bronze-gealtert-fur-schubladenschrank-64mm","status":"publish","type":"product","link":"https:\/\/www.pomoline.com\/de\/produkt\/mobelknopf-mobelgriff-finish-bronze-gealtert-fur-schubladenschrank-64mm\/","title":{"rendered":"M\u00d6BELKNOPF M\u00d6BELGRIFF FINISH BRONZE GEALTERT F\u00dcR SCHUBLADENSCHRANK 64MM"},"content":{"rendered":"<p>Griffe und Kn\u00f6pfe im klassischen Stil f\u00fcr rustikale, Vintage und gealterte M\u00f6bel. Wir versenden sie mit den mitgelieferten Befestigungsschrauben und k\u00f6nnen an Schrankt\u00fcren und Schubladen montiert werden. Dieses besondere Modell ist MOD 280 M\u00f6belknopf M\u00f6be<\/p>\n","protected":false},"excerpt":{"rendered":"<p>Griffe und Kn\u00f6pfe im klassischen Stil f\u00fcr rustikale, Vintage und gealterte M\u00f6bel. Wir versenden sie mit den mitgelieferten Befestigungsschrauben und k\u00f6nnen an Schrankt\u00fcren und Schubladen montiert werden. Dieses besondere Modell ist MOD 280 M\u00f6belknopf M\u00f6be<\/p>\n","protected":false},"featured_media":408684,"template":"","meta":{"_joinchat":[]},"product_brand":[],"product_cat":[5187,965],"product_tag":[],"class_list":{"0":"post-323650","1":"product","2":"type-product","3":"status-publish","4":"has-post-thumbnail","6":"product_cat-mobelgriffe-und-knopfe-fur-schubladen","7":"product_cat-mobelknopfe-griffe-schublade-turgriffe-klassische-rustikale-design","8":"pa_color-alte-bronze-schrankknopfe-griffe-wandaufhanger-turhaken-mobelbeine","9":"pa_distancia-agujeros-tornillos-tiradores-64-mm-entre-centros-de-tornillos-cajon-puerta-mueble-de","10":"pa_distancia-agujeros-tornillos-tiradores-96-mm-entre-centros-de-tornillos-cajon-puerta-mueble-de","11":"pa_tendencia-schrank-knopfe-und-griffe-klassische-mobel","13":"first","14":"instock","15":"taxable","16":"shipping-taxable","17":"purchasable","18":"product-type-variable","19":"has-default-attributes","20":"wvs-archive-product-wrapper"},"_links":{"self":[{"href":"https:\/\/www.pomoline.com\/de\/wp-json\/wp\/v2\/product\/323650","targetHints":{"allow":["GET"]}}],"collection":[{"href":"https:\/\/www.pomoline.com\/de\/wp-json\/wp\/v2\/product"}],"about":[{"href":"https:\/\/www.pomoline.com\/de\/wp-json\/wp\/v2\/types\/product"}],"wp:featuredmedia":[{"embeddable":true,"href":"https:\/\/www.pomoline.com\/de\/wp-json\/wp\/v2\/media\/408684"}],"wp:attachment":[{"href":"https:\/\/www.pomoline.com\/de\/wp-json\/wp\/v2\/media?parent=323650"}],"wp:term":[{"taxonomy":"product_brand","embeddable":true,"href":"https:\/\/www.pomoline.com\/de\/wp-json\/wp\/v2\/product_brand?post=323650"},{"taxonomy":"product_cat","embeddable":true,"href":"https:\/\/www.pomoline.com\/de\/wp-json\/wp\/v2\/product_cat?post=323650"},{"taxonomy":"product_tag","embeddable":true,"href":"https:\/\/www.pomoline.com\/de\/wp-json\/wp\/v2\/product_tag?post=323650"}],"curies":[{"name":"wp","href":"https:\/\/api.w.org\/{rel}","templated":true}]}}