{"id":323670,"date":"2024-04-27T13:26:27","date_gmt":"2024-04-27T11:26:27","guid":{"rendered":"https:\/\/www.pomoline.com\/web-pruebas\/producto\/tirador-asa-de-mueble-acabado-laton-mate-para-cajon-64mm\/"},"modified":"2025-03-13T22:18:43","modified_gmt":"2025-03-13T21:18:43","slug":"mobelknopf-mobelgriff-finish-messing-matt-fur-schublade-64mm","status":"publish","type":"product","link":"https:\/\/www.pomoline.com\/de\/produkt\/mobelknopf-mobelgriff-finish-messing-matt-fur-schublade-64mm\/","title":{"rendered":"M\u00d6BELKNOPF M\u00d6BELGRIFF FINISH MESSING MATT F\u00dcR SCHUBLADE 64MM"},"content":{"rendered":"<p>Griffe und Kn\u00f6pfe im klassischen Stil f\u00fcr rustikale, Vintage und gealterte M\u00f6bel. Wir versenden sie mit den mitgelieferten Befestigungsschrauben und k\u00f6nnen an Schrankt\u00fcren und Schubladen montiert werden. Dieses besondere Modell ist MOD 275 M\u00f6belknopf M\u00f6be<\/p>\n","protected":false},"excerpt":{"rendered":"<p>Griffe und Kn\u00f6pfe im klassischen Stil f\u00fcr rustikale, Vintage und gealterte M\u00f6bel. Wir versenden sie mit den mitgelieferten Befestigungsschrauben und k\u00f6nnen an Schrankt\u00fcren und Schubladen montiert werden. Dieses besondere Modell ist MOD 275 M\u00f6belknopf M\u00f6be<\/p>\n","protected":false},"featured_media":408664,"template":"","meta":{"_joinchat":[]},"product_brand":[],"product_cat":[5187,965],"product_tag":[],"class_list":{"0":"post-323670","1":"product","2":"type-product","3":"status-publish","4":"has-post-thumbnail","6":"product_cat-mobelgriffe-und-knopfe-fur-schubladen","7":"product_cat-mobelknopfe-griffe-schublade-turgriffe-klassische-rustikale-design","8":"pa_color-geburstetes-messing-schrankknopfe-griffe-wandhaken-turhaken-mobelbeine","9":"pa_distancia-agujeros-tornillos-tiradores-64-mm-entre-centros-de-tornillos-cajon-puerta-mueble-de","10":"pa_distancia-agujeros-tornillos-tiradores-96-mm-entre-centros-de-tornillos-cajon-puerta-mueble-de","11":"pa_tendencia-art-deco-mobelgriffe","13":"first","14":"instock","15":"taxable","16":"shipping-taxable","17":"purchasable","18":"product-type-variable","19":"has-default-attributes","20":"wvs-archive-product-wrapper"},"_links":{"self":[{"href":"https:\/\/www.pomoline.com\/de\/wp-json\/wp\/v2\/product\/323670","targetHints":{"allow":["GET"]}}],"collection":[{"href":"https:\/\/www.pomoline.com\/de\/wp-json\/wp\/v2\/product"}],"about":[{"href":"https:\/\/www.pomoline.com\/de\/wp-json\/wp\/v2\/types\/product"}],"wp:featuredmedia":[{"embeddable":true,"href":"https:\/\/www.pomoline.com\/de\/wp-json\/wp\/v2\/media\/408664"}],"wp:attachment":[{"href":"https:\/\/www.pomoline.com\/de\/wp-json\/wp\/v2\/media?parent=323670"}],"wp:term":[{"taxonomy":"product_brand","embeddable":true,"href":"https:\/\/www.pomoline.com\/de\/wp-json\/wp\/v2\/product_brand?post=323670"},{"taxonomy":"product_cat","embeddable":true,"href":"https:\/\/www.pomoline.com\/de\/wp-json\/wp\/v2\/product_cat?post=323670"},{"taxonomy":"product_tag","embeddable":true,"href":"https:\/\/www.pomoline.com\/de\/wp-json\/wp\/v2\/product_tag?post=323670"}],"curies":[{"name":"wp","href":"https:\/\/api.w.org\/{rel}","templated":true}]}}