{"id":323682,"date":"2024-04-27T13:26:47","date_gmt":"2024-04-27T11:26:47","guid":{"rendered":"https:\/\/www.pomoline.com\/web-pruebas\/producto\/herraje-anilla-tirador-vertical-bronce-envejecido-para-cajonera-mesita\/"},"modified":"2025-03-13T22:17:52","modified_gmt":"2025-03-13T21:17:52","slug":"beschlag-ring-mobelknopf-vertikal-bronze-gealtert-fur-schubladenschrank-nachttisch","status":"publish","type":"product","link":"https:\/\/www.pomoline.com\/de\/produkt\/beschlag-ring-mobelknopf-vertikal-bronze-gealtert-fur-schubladenschrank-nachttisch\/","title":{"rendered":"BESCHLAG RING M\u00d6BELKNOPF VERTIKAL BRONZE GEALTERT F\u00dcR SCHUBLADENSCHRANK NACHTTISCH"},"content":{"rendered":"<p>Metallbeschl\u00e4ge aus gealterter Bronze mit einem 36&#215;115 mm gro\u00dfen Ring, ideal zum Anbringen an jedem M\u00f6belst\u00fcck, dem Sie ein rustikales oder klassisches Aussehen verleihen m\u00f6chten, aus hochwertigem Metall, das Ihren M\u00f6beln eine besondere Note verleiht Inte<\/p>\n","protected":false},"excerpt":{"rendered":"<p>Metallbeschl\u00e4ge aus gealterter Bronze mit einem 36&#215;115 mm gro\u00dfen Ring, ideal zum Anbringen an jedem M\u00f6belst\u00fcck, dem Sie ein rustikales oder klassisches Aussehen verleihen m\u00f6chten, aus hochwertigem Metall, das Ihren M\u00f6beln eine besondere Note verleiht Inte<\/p>\n","protected":false},"featured_media":408652,"template":"","meta":{"_joinchat":[]},"product_brand":[],"product_cat":[5187,981],"product_tag":[],"class_list":{"0":"post-323682","1":"product","2":"type-product","3":"status-publish","4":"has-post-thumbnail","6":"product_cat-mobelgriffe-und-knopfe-fur-schubladen","7":"product_cat-mobelknopfe-metall-klassische-ringe-und-beschlage-vintage-schublade","8":"pa_color-schwarz-schrank-griffe-griffe-wandaufhanger-turhaken-mobelbeine","9":"pa_color-alte-bronze-schrankknopfe-griffe-wandaufhanger-turhaken-mobelbeine","10":"pa_color-alte-silberne-schrankgriffe-griffe-wandaufhanger-turhaken-mobelbeine","11":"pa_tendencia-rustikal-mobel-griffe-knaufe","13":"first","14":"instock","15":"taxable","16":"shipping-taxable","17":"purchasable","18":"product-type-variable","19":"has-default-attributes","20":"wvs-archive-product-wrapper"},"_links":{"self":[{"href":"https:\/\/www.pomoline.com\/de\/wp-json\/wp\/v2\/product\/323682","targetHints":{"allow":["GET"]}}],"collection":[{"href":"https:\/\/www.pomoline.com\/de\/wp-json\/wp\/v2\/product"}],"about":[{"href":"https:\/\/www.pomoline.com\/de\/wp-json\/wp\/v2\/types\/product"}],"wp:featuredmedia":[{"embeddable":true,"href":"https:\/\/www.pomoline.com\/de\/wp-json\/wp\/v2\/media\/408652"}],"wp:attachment":[{"href":"https:\/\/www.pomoline.com\/de\/wp-json\/wp\/v2\/media?parent=323682"}],"wp:term":[{"taxonomy":"product_brand","embeddable":true,"href":"https:\/\/www.pomoline.com\/de\/wp-json\/wp\/v2\/product_brand?post=323682"},{"taxonomy":"product_cat","embeddable":true,"href":"https:\/\/www.pomoline.com\/de\/wp-json\/wp\/v2\/product_cat?post=323682"},{"taxonomy":"product_tag","embeddable":true,"href":"https:\/\/www.pomoline.com\/de\/wp-json\/wp\/v2\/product_tag?post=323682"}],"curies":[{"name":"wp","href":"https:\/\/api.w.org\/{rel}","templated":true}]}}