{"id":323690,"date":"2024-04-27T13:27:11","date_gmt":"2024-04-27T11:27:11","guid":{"rendered":"https:\/\/www.pomoline.com\/web-pruebas\/producto\/herraje-anilla-tirador-horizontal-bronce-envejecido-cajonera-y-mesita\/"},"modified":"2025-03-13T22:17:17","modified_gmt":"2025-03-13T21:17:17","slug":"beschlag-ring-mobelknopf-horizontal-bronze-gealtert-schubladenschrank-und-nachttisch","status":"publish","type":"product","link":"https:\/\/www.pomoline.com\/de\/produkt\/beschlag-ring-mobelknopf-horizontal-bronze-gealtert-schubladenschrank-und-nachttisch\/","title":{"rendered":"BESCHLAG RING M\u00d6BELKNOPF HORIZONTAL BRONZE GEALTERT SCHUBLADENSCHRANK UND NACHTTISCH"},"content":{"rendered":"<p>Metallbeschl\u00e4ge aus gealterter Bronze mit einem 115 x 36 mm gro\u00dfen Ring, ideal zum Anbringen an jedem M\u00f6belst\u00fcck, dem Sie ein rustikales oder klassisches Aussehen verleihen m\u00f6chten, aus hochwertigem Metall, das Ihren M\u00f6beln eine besondere Note verleiht In<\/p>\n","protected":false},"excerpt":{"rendered":"<p>Metallbeschl\u00e4ge aus gealterter Bronze mit einem 115 x 36 mm gro\u00dfen Ring, ideal zum Anbringen an jedem M\u00f6belst\u00fcck, dem Sie ein rustikales oder klassisches Aussehen verleihen m\u00f6chten, aus hochwertigem Metall, das Ihren M\u00f6beln eine besondere Note verleiht In<\/p>\n","protected":false},"featured_media":408644,"template":"","meta":{"_joinchat":[]},"product_brand":[],"product_cat":[5187,981],"product_tag":[],"class_list":{"0":"post-323690","1":"product","2":"type-product","3":"status-publish","4":"has-post-thumbnail","6":"product_cat-mobelgriffe-und-knopfe-fur-schubladen","7":"product_cat-mobelknopfe-metall-klassische-ringe-und-beschlage-vintage-schublade","8":"pa_color-schwarz-schrank-griffe-griffe-wandaufhanger-turhaken-mobelbeine","9":"pa_color-alte-silberne-schrankgriffe-griffe-wandaufhanger-turhaken-mobelbeine","10":"pa_tendencia-rustikal-mobel-griffe-knaufe","12":"first","13":"instock","14":"taxable","15":"shipping-taxable","16":"purchasable","17":"product-type-variable","18":"has-default-attributes","19":"wvs-archive-product-wrapper"},"_links":{"self":[{"href":"https:\/\/www.pomoline.com\/de\/wp-json\/wp\/v2\/product\/323690","targetHints":{"allow":["GET"]}}],"collection":[{"href":"https:\/\/www.pomoline.com\/de\/wp-json\/wp\/v2\/product"}],"about":[{"href":"https:\/\/www.pomoline.com\/de\/wp-json\/wp\/v2\/types\/product"}],"wp:featuredmedia":[{"embeddable":true,"href":"https:\/\/www.pomoline.com\/de\/wp-json\/wp\/v2\/media\/408644"}],"wp:attachment":[{"href":"https:\/\/www.pomoline.com\/de\/wp-json\/wp\/v2\/media?parent=323690"}],"wp:term":[{"taxonomy":"product_brand","embeddable":true,"href":"https:\/\/www.pomoline.com\/de\/wp-json\/wp\/v2\/product_brand?post=323690"},{"taxonomy":"product_cat","embeddable":true,"href":"https:\/\/www.pomoline.com\/de\/wp-json\/wp\/v2\/product_cat?post=323690"},{"taxonomy":"product_tag","embeddable":true,"href":"https:\/\/www.pomoline.com\/de\/wp-json\/wp\/v2\/product_tag?post=323690"}],"curies":[{"name":"wp","href":"https:\/\/api.w.org\/{rel}","templated":true}]}}