{"id":323734,"date":"2024-04-27T13:28:33","date_gmt":"2024-04-27T11:28:33","guid":{"rendered":"https:\/\/www.pomoline.com\/web-pruebas\/producto\/placa-pendulo-bronce-envejecido-para-cajonera-y-mesita-96x33x14mm\/"},"modified":"2025-03-13T22:14:12","modified_gmt":"2025-03-13T21:14:12","slug":"schild-pendel-bronze-gealtert-fur-schubladenschrank-und-nachttisch-96x33x14mm","status":"publish","type":"product","link":"https:\/\/www.pomoline.com\/de\/produkt\/schild-pendel-bronze-gealtert-fur-schubladenschrank-und-nachttisch-96x33x14mm\/","title":{"rendered":"SCHILD PENDEL BRONZE GEALTERT F\u00dcR SCHUBLADENSCHRANK UND NACHTTISCH 96x33x14mm"},"content":{"rendered":"<p>Metall-Pendelplatte mit gealterter Bronze-Oberfl\u00e4che und einem 96 x 33 x 14 mm gro\u00dfen Ring. Sie ist ideal, um sie auf jedem M\u00f6belst\u00fcck zu platzieren, dem Sie ein rustikales oder klassisches Aussehen verleihen m\u00f6chten. Aus hochwertigem Metall gefertigt, ve<\/p>\n","protected":false},"excerpt":{"rendered":"<p>Metall-Pendelplatte mit gealterter Bronze-Oberfl\u00e4che und einem 96 x 33 x 14 mm gro\u00dfen Ring. Sie ist ideal, um sie auf jedem M\u00f6belst\u00fcck zu platzieren, dem Sie ein rustikales oder klassisches Aussehen verleihen m\u00f6chten. Aus hochwertigem Metall gefertigt, ve<\/p>\n","protected":false},"featured_media":408600,"template":"","meta":{"_joinchat":[]},"product_brand":[],"product_cat":[5187,981],"product_tag":[],"class_list":{"0":"post-323734","1":"product","2":"type-product","3":"status-publish","4":"has-post-thumbnail","6":"product_cat-mobelgriffe-und-knopfe-fur-schubladen","7":"product_cat-mobelknopfe-metall-klassische-ringe-und-beschlage-vintage-schublade","8":"pa_color-alte-bronze-schrankknopfe-griffe-wandaufhanger-turhaken-mobelbeine","9":"pa_tendencia-schrank-knopfe-und-griffe-klassische-mobel","11":"first","12":"instock","13":"taxable","14":"shipping-taxable","15":"purchasable","16":"product-type-variable","17":"has-default-attributes","18":"wvs-archive-product-wrapper"},"_links":{"self":[{"href":"https:\/\/www.pomoline.com\/de\/wp-json\/wp\/v2\/product\/323734","targetHints":{"allow":["GET"]}}],"collection":[{"href":"https:\/\/www.pomoline.com\/de\/wp-json\/wp\/v2\/product"}],"about":[{"href":"https:\/\/www.pomoline.com\/de\/wp-json\/wp\/v2\/types\/product"}],"wp:featuredmedia":[{"embeddable":true,"href":"https:\/\/www.pomoline.com\/de\/wp-json\/wp\/v2\/media\/408600"}],"wp:attachment":[{"href":"https:\/\/www.pomoline.com\/de\/wp-json\/wp\/v2\/media?parent=323734"}],"wp:term":[{"taxonomy":"product_brand","embeddable":true,"href":"https:\/\/www.pomoline.com\/de\/wp-json\/wp\/v2\/product_brand?post=323734"},{"taxonomy":"product_cat","embeddable":true,"href":"https:\/\/www.pomoline.com\/de\/wp-json\/wp\/v2\/product_cat?post=323734"},{"taxonomy":"product_tag","embeddable":true,"href":"https:\/\/www.pomoline.com\/de\/wp-json\/wp\/v2\/product_tag?post=323734"}],"curies":[{"name":"wp","href":"https:\/\/api.w.org\/{rel}","templated":true}]}}