{"id":323742,"date":"2024-04-27T13:28:47","date_gmt":"2024-04-27T11:28:47","guid":{"rendered":"https:\/\/www.pomoline.com\/web-pruebas\/producto\/tirador-anilla-de-mueble-bronce-envejecido-para-cajonera-60mm\/"},"modified":"2025-03-13T22:13:38","modified_gmt":"2025-03-13T21:13:38","slug":"mobelknopf-ring-aus-mobel-bronze-gealtert-fur-schubladenschrank-60mm","status":"publish","type":"product","link":"https:\/\/www.pomoline.com\/de\/produkt\/mobelknopf-ring-aus-mobel-bronze-gealtert-fur-schubladenschrank-60mm\/","title":{"rendered":"M\u00d6BELKNOPF RING AUS M\u00d6BEL BRONZE GEALTERT F\u00dcR SCHUBLADENSCHRANK 60MM"},"content":{"rendered":"<p>Griffe und M\u00f6belkn\u00f6pfe f\u00fcr Schubladen von klassischen und vintage M\u00f6bel mit Metalllic Oberfl\u00e4chen wie Bronze, Kupfer, Altsilber, Messing und Eisen. Dieses besondere Modell ist MOD 257 M\u00f6belknopf M\u00f6belring gealterte Bronze f\u00fcr Kommode 60mm<\/p>\n","protected":false},"excerpt":{"rendered":"<p>Griffe und M\u00f6belkn\u00f6pfe f\u00fcr Schubladen von klassischen und vintage M\u00f6bel mit Metalllic Oberfl\u00e4chen wie Bronze, Kupfer, Altsilber, Messing und Eisen. Dieses besondere Modell ist MOD 257 M\u00f6belknopf M\u00f6belring gealterte Bronze f\u00fcr Kommode 60mm<\/p>\n","protected":false},"featured_media":408592,"template":"","meta":{"_joinchat":[]},"product_brand":[],"product_cat":[5187,981],"product_tag":[],"class_list":{"0":"post-323742","1":"product","2":"type-product","3":"status-publish","4":"has-post-thumbnail","6":"product_cat-mobelgriffe-und-knopfe-fur-schubladen","7":"product_cat-mobelknopfe-metall-klassische-ringe-und-beschlage-vintage-schublade","8":"pa_color-alte-bronze-schrankknopfe-griffe-wandaufhanger-turhaken-mobelbeine","9":"pa_tendencia-schrank-knopfe-und-griffe-klassische-mobel","11":"first","12":"instock","13":"taxable","14":"shipping-taxable","15":"purchasable","16":"product-type-variable","17":"has-default-attributes","18":"wvs-archive-product-wrapper"},"_links":{"self":[{"href":"https:\/\/www.pomoline.com\/de\/wp-json\/wp\/v2\/product\/323742","targetHints":{"allow":["GET"]}}],"collection":[{"href":"https:\/\/www.pomoline.com\/de\/wp-json\/wp\/v2\/product"}],"about":[{"href":"https:\/\/www.pomoline.com\/de\/wp-json\/wp\/v2\/types\/product"}],"wp:featuredmedia":[{"embeddable":true,"href":"https:\/\/www.pomoline.com\/de\/wp-json\/wp\/v2\/media\/408592"}],"wp:attachment":[{"href":"https:\/\/www.pomoline.com\/de\/wp-json\/wp\/v2\/media?parent=323742"}],"wp:term":[{"taxonomy":"product_brand","embeddable":true,"href":"https:\/\/www.pomoline.com\/de\/wp-json\/wp\/v2\/product_brand?post=323742"},{"taxonomy":"product_cat","embeddable":true,"href":"https:\/\/www.pomoline.com\/de\/wp-json\/wp\/v2\/product_cat?post=323742"},{"taxonomy":"product_tag","embeddable":true,"href":"https:\/\/www.pomoline.com\/de\/wp-json\/wp\/v2\/product_tag?post=323742"}],"curies":[{"name":"wp","href":"https:\/\/api.w.org\/{rel}","templated":true}]}}