{"id":323754,"date":"2024-04-27T13:29:08","date_gmt":"2024-04-27T11:29:08","guid":{"rendered":"https:\/\/www.pomoline.com\/web-pruebas\/producto\/tirador-asa-de-mueble-acabado-bronce-envejecido-cajonera-y-mesita-32mm\/"},"modified":"2025-03-13T22:12:47","modified_gmt":"2025-03-13T21:12:47","slug":"mobelknopf-mobelgriff-finish-bronze-gealtert-schubladenschrank-und-nachttisch-32mm","status":"publish","type":"product","link":"https:\/\/www.pomoline.com\/de\/produkt\/mobelknopf-mobelgriff-finish-bronze-gealtert-schubladenschrank-und-nachttisch-32mm\/","title":{"rendered":"M\u00d6BELKNOPF M\u00d6BELGRIFF FINISH BRONZE GEALTERT SCHUBLADENSCHRANK UND NACHTTISCH 32MM"},"content":{"rendered":"<p>Sie passen gut in die K\u00fcche, sie gl\u00e4nzen in der Kommode, sie verleihen den Tischen eine klassische Note, wo Sie diese gealterte bronzene Metallschale platzieren, sie wird gro\u00dfartig aussehen, Sie haben sie in zwei Gr\u00f6\u00dfen, sie haben Schrauben (32 mm die kle<\/p>\n","protected":false},"excerpt":{"rendered":"<p>Sie passen gut in die K\u00fcche, sie gl\u00e4nzen in der Kommode, sie verleihen den Tischen eine klassische Note, wo Sie diese gealterte bronzene Metallschale platzieren, sie wird gro\u00dfartig aussehen, Sie haben sie in zwei Gr\u00f6\u00dfen, sie haben Schrauben (32 mm die kle<\/p>\n","protected":false},"featured_media":408580,"template":"","meta":{"_joinchat":[]},"product_brand":[],"product_cat":[5187,981],"product_tag":[],"class_list":{"0":"post-323754","1":"product","2":"type-product","3":"status-publish","4":"has-post-thumbnail","6":"product_cat-mobelgriffe-und-knopfe-fur-schubladen","7":"product_cat-mobelknopfe-metall-klassische-ringe-und-beschlage-vintage-schublade","8":"pa_color-alte-bronze-schrankknopfe-griffe-wandaufhanger-turhaken-mobelbeine","9":"pa_distancia-agujeros-tornillos-tiradores-32-mm-entre-centros-de-tornillos-cajon-puerta-mueble-de","10":"pa_distancia-agujeros-tornillos-tiradores-64-mm-entre-centros-de-tornillos-cajon-puerta-mueble-de","11":"pa_tendencia-muschelgriff-schublade-mobel-klassisch","13":"first","14":"instock","15":"taxable","16":"shipping-taxable","17":"purchasable","18":"product-type-variable","19":"has-default-attributes","20":"wvs-archive-product-wrapper"},"_links":{"self":[{"href":"https:\/\/www.pomoline.com\/de\/wp-json\/wp\/v2\/product\/323754","targetHints":{"allow":["GET"]}}],"collection":[{"href":"https:\/\/www.pomoline.com\/de\/wp-json\/wp\/v2\/product"}],"about":[{"href":"https:\/\/www.pomoline.com\/de\/wp-json\/wp\/v2\/types\/product"}],"wp:featuredmedia":[{"embeddable":true,"href":"https:\/\/www.pomoline.com\/de\/wp-json\/wp\/v2\/media\/408580"}],"wp:attachment":[{"href":"https:\/\/www.pomoline.com\/de\/wp-json\/wp\/v2\/media?parent=323754"}],"wp:term":[{"taxonomy":"product_brand","embeddable":true,"href":"https:\/\/www.pomoline.com\/de\/wp-json\/wp\/v2\/product_brand?post=323754"},{"taxonomy":"product_cat","embeddable":true,"href":"https:\/\/www.pomoline.com\/de\/wp-json\/wp\/v2\/product_cat?post=323754"},{"taxonomy":"product_tag","embeddable":true,"href":"https:\/\/www.pomoline.com\/de\/wp-json\/wp\/v2\/product_tag?post=323754"}],"curies":[{"name":"wp","href":"https:\/\/api.w.org\/{rel}","templated":true}]}}