{"id":323758,"date":"2024-04-27T13:29:15","date_gmt":"2024-04-27T11:29:15","guid":{"rendered":"https:\/\/www.pomoline.com\/web-pruebas\/producto\/base-para-pomo-cajon-bronce-envejecido-para-mueble-y-mesita\/"},"modified":"2025-03-13T22:12:30","modified_gmt":"2025-03-13T21:12:30","slug":"basis-fur-knopfechublade-bronze-gealtert-fur-mobel-und-nachttisch","status":"publish","type":"product","link":"https:\/\/www.pomoline.com\/de\/produkt\/basis-fur-knopfechublade-bronze-gealtert-fur-mobel-und-nachttisch\/","title":{"rendered":"BASIS F\u00dcR KN\u00d6PFECHUBLADE BRONZE GEALTERT F\u00dcR M\u00d6BEL UND NACHTTISCH"},"content":{"rendered":"<p>Metallsockel zum Anbringen eines Knopfes in gealterter Bronze oder Schwarz, f\u00fcr rustikale M\u00f6bel, Nachttische oder Kommoden. Es gibt einen passenden Knopf mit der gleichen Oberfl\u00e4che wie Referenz 2630C, kleiden Sie Ihre M\u00f6bel mit trendigen rustikalen Griff<\/p>\n","protected":false},"excerpt":{"rendered":"<p>Metallsockel zum Anbringen eines Knopfes in gealterter Bronze oder Schwarz, f\u00fcr rustikale M\u00f6bel, Nachttische oder Kommoden. Es gibt einen passenden Knopf mit der gleichen Oberfl\u00e4che wie Referenz 2630C, kleiden Sie Ihre M\u00f6bel mit trendigen rustikalen Griff<\/p>\n","protected":false},"featured_media":408576,"template":"","meta":{"_joinchat":[]},"product_brand":[],"product_cat":[5187,981],"product_tag":[],"class_list":{"0":"post-323758","1":"product","2":"type-product","3":"status-publish","4":"has-post-thumbnail","6":"product_cat-mobelgriffe-und-knopfe-fur-schubladen","7":"product_cat-mobelknopfe-metall-klassische-ringe-und-beschlage-vintage-schublade","8":"pa_color-schwarz-schrank-griffe-griffe-wandaufhanger-turhaken-mobelbeine","9":"pa_color-alte-bronze-schrankknopfe-griffe-wandaufhanger-turhaken-mobelbeine","10":"pa_tendencia-rustikal-mobel-griffe-knaufe","12":"first","13":"instock","14":"taxable","15":"shipping-taxable","16":"purchasable","17":"product-type-variable","18":"has-default-attributes","19":"wvs-archive-product-wrapper"},"_links":{"self":[{"href":"https:\/\/www.pomoline.com\/de\/wp-json\/wp\/v2\/product\/323758","targetHints":{"allow":["GET"]}}],"collection":[{"href":"https:\/\/www.pomoline.com\/de\/wp-json\/wp\/v2\/product"}],"about":[{"href":"https:\/\/www.pomoline.com\/de\/wp-json\/wp\/v2\/types\/product"}],"wp:featuredmedia":[{"embeddable":true,"href":"https:\/\/www.pomoline.com\/de\/wp-json\/wp\/v2\/media\/408576"}],"wp:attachment":[{"href":"https:\/\/www.pomoline.com\/de\/wp-json\/wp\/v2\/media?parent=323758"}],"wp:term":[{"taxonomy":"product_brand","embeddable":true,"href":"https:\/\/www.pomoline.com\/de\/wp-json\/wp\/v2\/product_brand?post=323758"},{"taxonomy":"product_cat","embeddable":true,"href":"https:\/\/www.pomoline.com\/de\/wp-json\/wp\/v2\/product_cat?post=323758"},{"taxonomy":"product_tag","embeddable":true,"href":"https:\/\/www.pomoline.com\/de\/wp-json\/wp\/v2\/product_tag?post=323758"}],"curies":[{"name":"wp","href":"https:\/\/api.w.org\/{rel}","templated":true}]}}