{"id":323770,"date":"2024-04-27T13:29:40","date_gmt":"2024-04-27T11:29:40","guid":{"rendered":"https:\/\/www.pomoline.com\/web-pruebas\/producto\/tirador-anilla-de-mueble-acabado-bronce-envejecido-para-cajonera\/"},"modified":"2025-03-13T22:11:38","modified_gmt":"2025-03-13T21:11:38","slug":"mobelknopf-ring-aus-mobel-finish-bronze-gealtert-fur-schubladenschrank","status":"publish","type":"product","link":"https:\/\/www.pomoline.com\/de\/produkt\/mobelknopf-ring-aus-mobel-finish-bronze-gealtert-fur-schubladenschrank\/","title":{"rendered":"M\u00d6BELKNOPF RING AUS M\u00d6BEL FINISH BRONZE GEALTERT F\u00dcR SCHUBLADENSCHRANK"},"content":{"rendered":"<p>Metallbeschl\u00e4ge in gealterter Bronze oder Schwarz mit einem 50 x 40 mm Ring, es ist ideal, um es auf jedem M\u00f6belst\u00fcck zu platzieren, dem Sie ein rustikales oder klassisches Aussehen verleihen m\u00f6chten, aus hochwertigem Metall, es wird Ihrem M\u00f6belst\u00fcck ein<\/p>\n","protected":false},"excerpt":{"rendered":"<p>Metallbeschl\u00e4ge in gealterter Bronze oder Schwarz mit einem 50 x 40 mm Ring, es ist ideal, um es auf jedem M\u00f6belst\u00fcck zu platzieren, dem Sie ein rustikales oder klassisches Aussehen verleihen m\u00f6chten, aus hochwertigem Metall, es wird Ihrem M\u00f6belst\u00fcck ein<\/p>\n","protected":false},"featured_media":408564,"template":"","meta":{"_joinchat":[]},"product_brand":[],"product_cat":[5187,981],"product_tag":[],"class_list":{"0":"post-323770","1":"product","2":"type-product","3":"status-publish","4":"has-post-thumbnail","6":"product_cat-mobelgriffe-und-knopfe-fur-schubladen","7":"product_cat-mobelknopfe-metall-klassische-ringe-und-beschlage-vintage-schublade","8":"pa_color-schwarz-schrank-griffe-griffe-wandaufhanger-turhaken-mobelbeine","9":"pa_color-alte-bronze-schrankknopfe-griffe-wandaufhanger-turhaken-mobelbeine","10":"pa_tendencia-rustikal-mobel-griffe-knaufe","12":"first","13":"instock","14":"taxable","15":"shipping-taxable","16":"purchasable","17":"product-type-variable","18":"has-default-attributes","19":"wvs-archive-product-wrapper"},"_links":{"self":[{"href":"https:\/\/www.pomoline.com\/de\/wp-json\/wp\/v2\/product\/323770","targetHints":{"allow":["GET"]}}],"collection":[{"href":"https:\/\/www.pomoline.com\/de\/wp-json\/wp\/v2\/product"}],"about":[{"href":"https:\/\/www.pomoline.com\/de\/wp-json\/wp\/v2\/types\/product"}],"wp:featuredmedia":[{"embeddable":true,"href":"https:\/\/www.pomoline.com\/de\/wp-json\/wp\/v2\/media\/408564"}],"wp:attachment":[{"href":"https:\/\/www.pomoline.com\/de\/wp-json\/wp\/v2\/media?parent=323770"}],"wp:term":[{"taxonomy":"product_brand","embeddable":true,"href":"https:\/\/www.pomoline.com\/de\/wp-json\/wp\/v2\/product_brand?post=323770"},{"taxonomy":"product_cat","embeddable":true,"href":"https:\/\/www.pomoline.com\/de\/wp-json\/wp\/v2\/product_cat?post=323770"},{"taxonomy":"product_tag","embeddable":true,"href":"https:\/\/www.pomoline.com\/de\/wp-json\/wp\/v2\/product_tag?post=323770"}],"curies":[{"name":"wp","href":"https:\/\/api.w.org\/{rel}","templated":true}]}}