{"id":323782,"date":"2024-04-27T13:29:59","date_gmt":"2024-04-27T11:29:59","guid":{"rendered":"https:\/\/www.pomoline.com\/web-pruebas\/producto\/pomo-tirador-gajos-metal-para-mueble-clasico\/"},"modified":"2025-03-13T22:10:48","modified_gmt":"2025-03-13T21:10:48","slug":"knopf-mobelknopfe-segmente-metall-fur-mobel-klassisch","status":"publish","type":"product","link":"https:\/\/www.pomoline.com\/de\/produkt\/knopf-mobelknopfe-segmente-metall-fur-mobel-klassisch\/","title":{"rendered":"KNOPF M\u00d6BELKN\u00d6PFE SEGMENTE METALL F\u00dcR M\u00d6BEL KLASSISCH"},"content":{"rendered":"<p>M\u00f6belkn\u00f6pfe gealtertes Messing und Altsilberkn\u00f6pfe f\u00fcr rustikale M\u00f6bel und Vintage Schubladen. Sie sind ein sehr attraktives Design f\u00fcr H\u00e4user mit einer klassischen Atmosph\u00e4re. Dieses besondere Modell ist MOD 247 M\u00f6belknopf Griff Metalllsegmente f\u00fcr klass<\/p>\n","protected":false},"excerpt":{"rendered":"<p>M\u00f6belkn\u00f6pfe gealtertes Messing und Altsilberkn\u00f6pfe f\u00fcr rustikale M\u00f6bel und Vintage Schubladen. Sie sind ein sehr attraktives Design f\u00fcr H\u00e4user mit einer klassischen Atmosph\u00e4re. Dieses besondere Modell ist MOD 247 M\u00f6belknopf Griff Metalllsegmente f\u00fcr klass<\/p>\n","protected":false},"featured_media":408552,"template":"","meta":{"_joinchat":[]},"product_brand":[],"product_cat":[969,5187],"product_tag":[],"class_list":{"0":"post-323782","1":"product","2":"type-product","3":"status-publish","4":"has-post-thumbnail","6":"product_cat-griffe-mobelknopfe-gealtertes-metall-klassiker-rustikal-kolonial","7":"product_cat-mobelgriffe-und-knopfe-fur-schubladen","8":"pa_color-alte-messing-schrankknopfe-griffe-wandaufhanger-turhaken-mobelbeine","9":"pa_tendencia-art-deco-mobelgriffe","11":"first","12":"instock","13":"taxable","14":"shipping-taxable","15":"purchasable","16":"product-type-variable","17":"has-default-attributes","18":"wvs-archive-product-wrapper"},"_links":{"self":[{"href":"https:\/\/www.pomoline.com\/de\/wp-json\/wp\/v2\/product\/323782","targetHints":{"allow":["GET"]}}],"collection":[{"href":"https:\/\/www.pomoline.com\/de\/wp-json\/wp\/v2\/product"}],"about":[{"href":"https:\/\/www.pomoline.com\/de\/wp-json\/wp\/v2\/types\/product"}],"wp:featuredmedia":[{"embeddable":true,"href":"https:\/\/www.pomoline.com\/de\/wp-json\/wp\/v2\/media\/408552"}],"wp:attachment":[{"href":"https:\/\/www.pomoline.com\/de\/wp-json\/wp\/v2\/media?parent=323782"}],"wp:term":[{"taxonomy":"product_brand","embeddable":true,"href":"https:\/\/www.pomoline.com\/de\/wp-json\/wp\/v2\/product_brand?post=323782"},{"taxonomy":"product_cat","embeddable":true,"href":"https:\/\/www.pomoline.com\/de\/wp-json\/wp\/v2\/product_cat?post=323782"},{"taxonomy":"product_tag","embeddable":true,"href":"https:\/\/www.pomoline.com\/de\/wp-json\/wp\/v2\/product_tag?post=323782"}],"curies":[{"name":"wp","href":"https:\/\/api.w.org\/{rel}","templated":true}]}}