{"id":323794,"date":"2024-04-27T13:30:16","date_gmt":"2024-04-27T11:30:16","guid":{"rendered":"https:\/\/www.pomoline.com\/web-pruebas\/producto\/tirador-anilla-mueble-acabado-laton-mate-para-cajonera-armario-110mm\/"},"modified":"2025-03-13T22:09:56","modified_gmt":"2025-03-13T21:09:56","slug":"mobelknopf-ring-mobel-finish-messing-matt-fur-schubladenschrank-schrank-110mm","status":"publish","type":"product","link":"https:\/\/www.pomoline.com\/de\/produkt\/mobelknopf-ring-mobel-finish-messing-matt-fur-schubladenschrank-schrank-110mm\/","title":{"rendered":"M\u00d6BELKNOPF RING M\u00d6BEL FINISH MESSING MATT F\u00dcR SCHUBLADENSCHRANK SCHRANK 110MM"},"content":{"rendered":"<p>Griffe und M\u00f6belkn\u00f6pfe f\u00fcr Schubladen von klassischen und vintage M\u00f6bel mit Metalllic Oberfl\u00e4chen wie Bronze, Kupfer, Altsilber, Messing und Eisen. Dieses besondere Modell ist MOD 242 M\u00f6belknopf M\u00f6belring mattes Messing Finish f\u00fcr Schrank Schubladeneinhei<\/p>\n","protected":false},"excerpt":{"rendered":"<p>Griffe und M\u00f6belkn\u00f6pfe f\u00fcr Schubladen von klassischen und vintage M\u00f6bel mit Metalllic Oberfl\u00e4chen wie Bronze, Kupfer, Altsilber, Messing und Eisen. Dieses besondere Modell ist MOD 242 M\u00f6belknopf M\u00f6belring mattes Messing Finish f\u00fcr Schrank Schubladeneinhei<\/p>\n","protected":false},"featured_media":408540,"template":"","meta":{"_joinchat":[]},"product_brand":[],"product_cat":[5187,981],"product_tag":[],"class_list":{"0":"post-323794","1":"product","2":"type-product","3":"status-publish","4":"has-post-thumbnail","6":"product_cat-mobelgriffe-und-knopfe-fur-schubladen","7":"product_cat-mobelknopfe-metall-klassische-ringe-und-beschlage-vintage-schublade","8":"pa_color-alte-bronze-schrankknopfe-griffe-wandaufhanger-turhaken-mobelbeine","9":"pa_tendencia-schrank-knopfe-und-griffe-klassische-mobel","11":"first","12":"instock","13":"taxable","14":"shipping-taxable","15":"purchasable","16":"product-type-variable","17":"has-default-attributes","18":"wvs-archive-product-wrapper"},"_links":{"self":[{"href":"https:\/\/www.pomoline.com\/de\/wp-json\/wp\/v2\/product\/323794","targetHints":{"allow":["GET"]}}],"collection":[{"href":"https:\/\/www.pomoline.com\/de\/wp-json\/wp\/v2\/product"}],"about":[{"href":"https:\/\/www.pomoline.com\/de\/wp-json\/wp\/v2\/types\/product"}],"wp:featuredmedia":[{"embeddable":true,"href":"https:\/\/www.pomoline.com\/de\/wp-json\/wp\/v2\/media\/408540"}],"wp:attachment":[{"href":"https:\/\/www.pomoline.com\/de\/wp-json\/wp\/v2\/media?parent=323794"}],"wp:term":[{"taxonomy":"product_brand","embeddable":true,"href":"https:\/\/www.pomoline.com\/de\/wp-json\/wp\/v2\/product_brand?post=323794"},{"taxonomy":"product_cat","embeddable":true,"href":"https:\/\/www.pomoline.com\/de\/wp-json\/wp\/v2\/product_cat?post=323794"},{"taxonomy":"product_tag","embeddable":true,"href":"https:\/\/www.pomoline.com\/de\/wp-json\/wp\/v2\/product_tag?post=323794"}],"curies":[{"name":"wp","href":"https:\/\/api.w.org\/{rel}","templated":true}]}}