{"id":323806,"date":"2024-04-27T13:30:36","date_gmt":"2024-04-27T11:30:36","guid":{"rendered":"https:\/\/www.pomoline.com\/web-pruebas\/producto\/tirador-asa-de-mueble-acabado-laton-mate-para-cajonera-armario-30x20mm\/"},"modified":"2025-03-13T22:09:06","modified_gmt":"2025-03-13T21:09:06","slug":"mobelknopf-mobelgriff-finish-messing-matt-fur-schubladenschrank-schrank-30x20mm","status":"publish","type":"product","link":"https:\/\/www.pomoline.com\/de\/produkt\/mobelknopf-mobelgriff-finish-messing-matt-fur-schubladenschrank-schrank-30x20mm\/","title":{"rendered":"M\u00d6BELKNOPF M\u00d6BELGRIFF FINISH MESSING MATT F\u00dcR SCHUBLADENSCHRANK SCHRANK 30x20MM"},"content":{"rendered":"<p>Griffe und M\u00f6belkn\u00f6pfe f\u00fcr Schubladen von klassischen und vintage M\u00f6bel mit Metalllic Oberfl\u00e4chen wie Bronze, Kupfer, Altsilber, Messing und Eisen. Dieses besondere Modell ist MOD 239 M\u00f6belknopf M\u00f6belgriff mattes Messing Finish f\u00fcr Schrank Schubladeneinhe<\/p>\n","protected":false},"excerpt":{"rendered":"<p>Griffe und M\u00f6belkn\u00f6pfe f\u00fcr Schubladen von klassischen und vintage M\u00f6bel mit Metalllic Oberfl\u00e4chen wie Bronze, Kupfer, Altsilber, Messing und Eisen. Dieses besondere Modell ist MOD 239 M\u00f6belknopf M\u00f6belgriff mattes Messing Finish f\u00fcr Schrank Schubladeneinhe<\/p>\n","protected":false},"featured_media":408528,"template":"","meta":{"_joinchat":[]},"product_brand":[],"product_cat":[5187,981],"product_tag":[],"class_list":{"0":"post-323806","1":"product","2":"type-product","3":"status-publish","4":"has-post-thumbnail","6":"product_cat-mobelgriffe-und-knopfe-fur-schubladen","7":"product_cat-mobelknopfe-metall-klassische-ringe-und-beschlage-vintage-schublade","8":"pa_color-geburstetes-messing-schrankknopfe-griffe-wandhaken-turhaken-mobelbeine","9":"pa_color-alte-silberne-schrankgriffe-griffe-wandaufhanger-turhaken-mobelbeine","10":"pa_tendencia-griff-schublade-zug-klassische-mobel","12":"first","13":"instock","14":"taxable","15":"shipping-taxable","16":"purchasable","17":"product-type-variable","18":"has-default-attributes","19":"wvs-archive-product-wrapper"},"_links":{"self":[{"href":"https:\/\/www.pomoline.com\/de\/wp-json\/wp\/v2\/product\/323806","targetHints":{"allow":["GET"]}}],"collection":[{"href":"https:\/\/www.pomoline.com\/de\/wp-json\/wp\/v2\/product"}],"about":[{"href":"https:\/\/www.pomoline.com\/de\/wp-json\/wp\/v2\/types\/product"}],"wp:featuredmedia":[{"embeddable":true,"href":"https:\/\/www.pomoline.com\/de\/wp-json\/wp\/v2\/media\/408528"}],"wp:attachment":[{"href":"https:\/\/www.pomoline.com\/de\/wp-json\/wp\/v2\/media?parent=323806"}],"wp:term":[{"taxonomy":"product_brand","embeddable":true,"href":"https:\/\/www.pomoline.com\/de\/wp-json\/wp\/v2\/product_brand?post=323806"},{"taxonomy":"product_cat","embeddable":true,"href":"https:\/\/www.pomoline.com\/de\/wp-json\/wp\/v2\/product_cat?post=323806"},{"taxonomy":"product_tag","embeddable":true,"href":"https:\/\/www.pomoline.com\/de\/wp-json\/wp\/v2\/product_tag?post=323806"}],"curies":[{"name":"wp","href":"https:\/\/api.w.org\/{rel}","templated":true}]}}