{"id":323822,"date":"2024-04-27T13:30:58","date_gmt":"2024-04-27T11:30:58","guid":{"rendered":"https:\/\/www.pomoline.com\/web-pruebas\/producto\/tirador-anilla-de-mueble-acabado-laton-mate-para-cajonera-armario\/"},"modified":"2025-03-13T22:07:57","modified_gmt":"2025-03-13T21:07:57","slug":"mobelknopf-ring-aus-mobel-finish-messing-matt-fur-schubladenschrank-schrank","status":"publish","type":"product","link":"https:\/\/www.pomoline.com\/de\/produkt\/mobelknopf-ring-aus-mobel-finish-messing-matt-fur-schubladenschrank-schrank\/","title":{"rendered":"M\u00d6BELKNOPF RING AUS M\u00d6BEL FINISH MESSING MATT F\u00dcR SCHUBLADENSCHRANK SCHRANK"},"content":{"rendered":"<p>Metallplatte aus gealterter Bronze mit einem Ring der Abmessungen 48 x 36 mm ist ideal, um sie auf jedem M\u00f6belst\u00fcck zu platzieren, dem Sie ein rustikales oder klassisches Aussehen verleihen m\u00f6chten. Hergestellt aus hochwertigem Metall, verleiht sie Ihren<\/p>\n","protected":false},"excerpt":{"rendered":"<p>Metallplatte aus gealterter Bronze mit einem Ring der Abmessungen 48 x 36 mm ist ideal, um sie auf jedem M\u00f6belst\u00fcck zu platzieren, dem Sie ein rustikales oder klassisches Aussehen verleihen m\u00f6chten. Hergestellt aus hochwertigem Metall, verleiht sie Ihren<\/p>\n","protected":false},"featured_media":408512,"template":"","meta":{"_joinchat":[]},"product_brand":[],"product_cat":[5187,981],"product_tag":[],"class_list":{"0":"post-323822","1":"product","2":"type-product","3":"status-publish","4":"has-post-thumbnail","6":"product_cat-mobelgriffe-und-knopfe-fur-schubladen","7":"product_cat-mobelknopfe-metall-klassische-ringe-und-beschlage-vintage-schublade","8":"pa_color-alte-bronze-schrankknopfe-griffe-wandaufhanger-turhaken-mobelbeine","9":"pa_tendencia-ringgriff-schublade-mobel-klassisch","11":"first","12":"instock","13":"taxable","14":"shipping-taxable","15":"purchasable","16":"product-type-variable","17":"has-default-attributes","18":"wvs-archive-product-wrapper"},"_links":{"self":[{"href":"https:\/\/www.pomoline.com\/de\/wp-json\/wp\/v2\/product\/323822","targetHints":{"allow":["GET"]}}],"collection":[{"href":"https:\/\/www.pomoline.com\/de\/wp-json\/wp\/v2\/product"}],"about":[{"href":"https:\/\/www.pomoline.com\/de\/wp-json\/wp\/v2\/types\/product"}],"wp:featuredmedia":[{"embeddable":true,"href":"https:\/\/www.pomoline.com\/de\/wp-json\/wp\/v2\/media\/408512"}],"wp:attachment":[{"href":"https:\/\/www.pomoline.com\/de\/wp-json\/wp\/v2\/media?parent=323822"}],"wp:term":[{"taxonomy":"product_brand","embeddable":true,"href":"https:\/\/www.pomoline.com\/de\/wp-json\/wp\/v2\/product_brand?post=323822"},{"taxonomy":"product_cat","embeddable":true,"href":"https:\/\/www.pomoline.com\/de\/wp-json\/wp\/v2\/product_cat?post=323822"},{"taxonomy":"product_tag","embeddable":true,"href":"https:\/\/www.pomoline.com\/de\/wp-json\/wp\/v2\/product_tag?post=323822"}],"curies":[{"name":"wp","href":"https:\/\/api.w.org\/{rel}","templated":true}]}}