{"id":323830,"date":"2024-04-27T13:31:13","date_gmt":"2024-04-27T11:31:13","guid":{"rendered":"https:\/\/www.pomoline.com\/web-pruebas\/producto\/pomos-y-tiradores-de-metal-para-el-mueble-rustico-86x41x13mm-64mm\/"},"modified":"2025-03-13T22:07:22","modified_gmt":"2025-03-13T21:07:22","slug":"knopfe-und-mobelknopfe-aus-metall-fur-die-rustikmobel-86x41x13mm-64mm","status":"publish","type":"product","link":"https:\/\/www.pomoline.com\/de\/produkt\/knopfe-und-mobelknopfe-aus-metall-fur-die-rustikmobel-86x41x13mm-64mm\/","title":{"rendered":"KN\u00d6PFE UND M\u00d6BELKN\u00d6PFE AUS METALL F\u00dcR DIE RUSTIKM\u00d6BEL 86X41X13mm 64mm"},"content":{"rendered":"<p>Griffe und M\u00f6belkn\u00f6pfe f\u00fcr Schubladen von klassischen und vintage M\u00f6bel mit Metalllic Oberfl\u00e4chen wie Bronze, Kupfer, Altsilber, Messing und Eisen. Dieses besondere Modell ist MOD 232 Metalllkn\u00f6pfe und Griffe f\u00fcr rustikale M\u00f6bel 86x41x13mm 64mm<\/p>\n","protected":false},"excerpt":{"rendered":"<p>Griffe und M\u00f6belkn\u00f6pfe f\u00fcr Schubladen von klassischen und vintage M\u00f6bel mit Metalllic Oberfl\u00e4chen wie Bronze, Kupfer, Altsilber, Messing und Eisen. Dieses besondere Modell ist MOD 232 Metalllkn\u00f6pfe und Griffe f\u00fcr rustikale M\u00f6bel 86x41x13mm 64mm<\/p>\n","protected":false},"featured_media":408504,"template":"","meta":{"_joinchat":[]},"product_brand":[],"product_cat":[5187,981],"product_tag":[],"class_list":{"0":"post-323830","1":"product","2":"type-product","3":"status-publish","4":"has-post-thumbnail","6":"product_cat-mobelgriffe-und-knopfe-fur-schubladen","7":"product_cat-mobelknopfe-metall-klassische-ringe-und-beschlage-vintage-schublade","8":"pa_color-geburstetes-messing-schrankknopfe-griffe-wandhaken-turhaken-mobelbeine","9":"pa_distancia-agujeros-tornillos-tiradores-64-mm-entre-centros-de-tornillos-cajon-puerta-mueble-de","10":"pa_distancia-agujeros-tornillos-tiradores-96-mm-entre-centros-de-tornillos-cajon-puerta-mueble-de","11":"pa_tendencia-art-deco-mobelgriffe","13":"first","14":"instock","15":"taxable","16":"shipping-taxable","17":"purchasable","18":"product-type-variable","19":"has-default-attributes","20":"wvs-archive-product-wrapper"},"_links":{"self":[{"href":"https:\/\/www.pomoline.com\/de\/wp-json\/wp\/v2\/product\/323830","targetHints":{"allow":["GET"]}}],"collection":[{"href":"https:\/\/www.pomoline.com\/de\/wp-json\/wp\/v2\/product"}],"about":[{"href":"https:\/\/www.pomoline.com\/de\/wp-json\/wp\/v2\/types\/product"}],"wp:featuredmedia":[{"embeddable":true,"href":"https:\/\/www.pomoline.com\/de\/wp-json\/wp\/v2\/media\/408504"}],"wp:attachment":[{"href":"https:\/\/www.pomoline.com\/de\/wp-json\/wp\/v2\/media?parent=323830"}],"wp:term":[{"taxonomy":"product_brand","embeddable":true,"href":"https:\/\/www.pomoline.com\/de\/wp-json\/wp\/v2\/product_brand?post=323830"},{"taxonomy":"product_cat","embeddable":true,"href":"https:\/\/www.pomoline.com\/de\/wp-json\/wp\/v2\/product_cat?post=323830"},{"taxonomy":"product_tag","embeddable":true,"href":"https:\/\/www.pomoline.com\/de\/wp-json\/wp\/v2\/product_tag?post=323830"}],"curies":[{"name":"wp","href":"https:\/\/api.w.org\/{rel}","templated":true}]}}