{"id":323854,"date":"2024-04-27T13:32:15","date_gmt":"2024-04-27T11:32:15","guid":{"rendered":"https:\/\/www.pomoline.com\/web-pruebas\/producto\/tirador-bronce-patina-blanca-44mm-tiradores-vintage-mueble\/"},"modified":"2025-03-13T22:05:36","modified_gmt":"2025-03-13T21:05:36","slug":"mobelknopf-bronze-patina-weiss-44mm-mobelknopfe-vintage-mobel","status":"publish","type":"product","link":"https:\/\/www.pomoline.com\/de\/produkt\/mobelknopf-bronze-patina-weiss-44mm-mobelknopfe-vintage-mobel\/","title":{"rendered":"M\u00d6BELKNOPF BRONZE PATINA WEISS 44MM| M\u00d6BELKN\u00d6PFE VINTAGE M\u00d6BEL"},"content":{"rendered":"<p>M\u00f6belgriffe und M\u00f6belkn\u00f6pfe f\u00fcr M\u00f6bel im klassischen, Retro, Vintage Stil zur Montage an Schubladen und T\u00fcren. Dieses besondere Modell ist MOD 224P M\u00f6belknopf Bronze wei\u00df Patina 44mm| vintage M\u00f6belknopf<\/p>\n","protected":false},"excerpt":{"rendered":"<p>M\u00f6belgriffe und M\u00f6belkn\u00f6pfe f\u00fcr M\u00f6bel im klassischen, Retro, Vintage Stil zur Montage an Schubladen und T\u00fcren. Dieses besondere Modell ist MOD 224P M\u00f6belknopf Bronze wei\u00df Patina 44mm| vintage M\u00f6belknopf<\/p>\n","protected":false},"featured_media":408480,"template":"","meta":{"_joinchat":[]},"product_brand":[],"product_cat":[5187,977],"product_tag":[],"class_list":{"0":"post-323854","1":"product","2":"type-product","3":"status-publish","4":"has-post-thumbnail","6":"product_cat-mobelgriffe-und-knopfe-fur-schubladen","7":"product_cat-mobelknopfe-griffe-vintage-shabby-chic-klassische-provence-schublade","8":"pa_color-gold-weiss-patina-schrank-knauf-griffe-wandhaken-tur-haken-mobel-beine","9":"pa_tendencia-shabby-chic-schrank-knopfe-griffe","11":"first","12":"instock","13":"taxable","14":"shipping-taxable","15":"purchasable","16":"product-type-variable","17":"has-default-attributes","18":"wvs-archive-product-wrapper"},"_links":{"self":[{"href":"https:\/\/www.pomoline.com\/de\/wp-json\/wp\/v2\/product\/323854","targetHints":{"allow":["GET"]}}],"collection":[{"href":"https:\/\/www.pomoline.com\/de\/wp-json\/wp\/v2\/product"}],"about":[{"href":"https:\/\/www.pomoline.com\/de\/wp-json\/wp\/v2\/types\/product"}],"wp:featuredmedia":[{"embeddable":true,"href":"https:\/\/www.pomoline.com\/de\/wp-json\/wp\/v2\/media\/408480"}],"wp:attachment":[{"href":"https:\/\/www.pomoline.com\/de\/wp-json\/wp\/v2\/media?parent=323854"}],"wp:term":[{"taxonomy":"product_brand","embeddable":true,"href":"https:\/\/www.pomoline.com\/de\/wp-json\/wp\/v2\/product_brand?post=323854"},{"taxonomy":"product_cat","embeddable":true,"href":"https:\/\/www.pomoline.com\/de\/wp-json\/wp\/v2\/product_cat?post=323854"},{"taxonomy":"product_tag","embeddable":true,"href":"https:\/\/www.pomoline.com\/de\/wp-json\/wp\/v2\/product_tag?post=323854"}],"curies":[{"name":"wp","href":"https:\/\/api.w.org\/{rel}","templated":true}]}}