{"id":323906,"date":"2024-04-27T13:33:56","date_gmt":"2024-04-27T11:33:56","guid":{"rendered":"https:\/\/www.pomoline.com\/web-pruebas\/producto\/tirador-pomo-mueble-metal-acabado-laton-viejo-cajonera-armario-35mm\/"},"modified":"2025-03-13T22:01:54","modified_gmt":"2025-03-13T21:01:54","slug":"mobelknopf-knopf-mobel-metall-finish-messing-alt-schubladenschrank-schrank-35mm","status":"publish","type":"product","link":"https:\/\/www.pomoline.com\/de\/produkt\/mobelknopf-knopf-mobel-metall-finish-messing-alt-schubladenschrank-schrank-35mm\/","title":{"rendered":"M\u00d6BELKNOPF KNOPF M\u00d6BEL METALL FINISH MESSING ALT SCHUBLADENSCHRANK SCHRANK 35MM"},"content":{"rendered":"<p>M\u00f6belkn\u00f6pfe gealtertes Messing und Altsilberkn\u00f6pfe f\u00fcr rustikale M\u00f6bel und Vintage Schubladen. Sie sind ein sehr attraktives Design f\u00fcr H\u00e4user mit einer klassischen Atmosph\u00e4re. Dieses besondere Modell ist MOD 215 Griff M\u00f6belknopf Metalll Altmessing Finish<\/p>\n","protected":false},"excerpt":{"rendered":"<p>M\u00f6belkn\u00f6pfe gealtertes Messing und Altsilberkn\u00f6pfe f\u00fcr rustikale M\u00f6bel und Vintage Schubladen. Sie sind ein sehr attraktives Design f\u00fcr H\u00e4user mit einer klassischen Atmosph\u00e4re. Dieses besondere Modell ist MOD 215 Griff M\u00f6belknopf Metalll Altmessing Finish<\/p>\n","protected":false},"featured_media":408428,"template":"","meta":{"_joinchat":[]},"product_brand":[],"product_cat":[969,5187,977],"product_tag":[],"class_list":{"0":"post-323906","1":"product","2":"type-product","3":"status-publish","4":"has-post-thumbnail","6":"product_cat-griffe-mobelknopfe-gealtertes-metall-klassiker-rustikal-kolonial","7":"product_cat-mobelgriffe-und-knopfe-fur-schubladen","8":"product_cat-mobelknopfe-griffe-vintage-shabby-chic-klassische-provence-schublade","9":"pa_color-alte-bronze-schrankknopfe-griffe-wandaufhanger-turhaken-mobelbeine","10":"pa_tendencia-art-deco-mobelgriffe","12":"first","13":"instock","14":"taxable","15":"shipping-taxable","16":"purchasable","17":"product-type-variable","18":"has-default-attributes","19":"wvs-archive-product-wrapper"},"_links":{"self":[{"href":"https:\/\/www.pomoline.com\/de\/wp-json\/wp\/v2\/product\/323906","targetHints":{"allow":["GET"]}}],"collection":[{"href":"https:\/\/www.pomoline.com\/de\/wp-json\/wp\/v2\/product"}],"about":[{"href":"https:\/\/www.pomoline.com\/de\/wp-json\/wp\/v2\/types\/product"}],"wp:featuredmedia":[{"embeddable":true,"href":"https:\/\/www.pomoline.com\/de\/wp-json\/wp\/v2\/media\/408428"}],"wp:attachment":[{"href":"https:\/\/www.pomoline.com\/de\/wp-json\/wp\/v2\/media?parent=323906"}],"wp:term":[{"taxonomy":"product_brand","embeddable":true,"href":"https:\/\/www.pomoline.com\/de\/wp-json\/wp\/v2\/product_brand?post=323906"},{"taxonomy":"product_cat","embeddable":true,"href":"https:\/\/www.pomoline.com\/de\/wp-json\/wp\/v2\/product_cat?post=323906"},{"taxonomy":"product_tag","embeddable":true,"href":"https:\/\/www.pomoline.com\/de\/wp-json\/wp\/v2\/product_tag?post=323906"}],"curies":[{"name":"wp","href":"https:\/\/api.w.org\/{rel}","templated":true}]}}